{"id":17795,"date":"2025-09-05T12:28:06","date_gmt":"2025-09-05T12:28:06","guid":{"rendered":"https:\/\/dsl.sn\/ingco\/?post_type=product&#038;p=17795"},"modified":"2025-09-05T12:28:07","modified_gmt":"2025-09-05T12:28:07","slug":"malette-a-outils-165-pieces-hkthp11651","status":"publish","type":"product","link":"https:\/\/dsl.sn\/ingco\/product\/malette-a-outils-165-pieces-hkthp11651\/","title":{"rendered":"Malette  \u00e0 Outils  165 PIECES HKTHP11651"},"content":{"rendered":"<p><strong>Nom: Malette \u00e0 Outils 165 PIECES HKTHP11651<\/strong><\/p>\n<p><strong>Reference : HKTHP11651<\/strong><\/p>\n<p><strong>Marque: INGCO\u00a0<\/strong><\/p>\n<p><strong>Description:<\/strong><\/p>\n<p><strong><span dir=\"auto\">1 perceuse \u00e0 percussion sans fil 20 V (CIDLI20668),<\/span><\/strong><br \/>\n<strong><span dir=\"auto\">1 batterie 2 Ah (FBLI20011),<\/span><\/strong><br \/>\n<strong><span dir=\"auto\">1 chargeur (FCLI2001),<\/span><\/strong><br \/>\n<strong><span dir=\"auto\">tension de charge\u00a0: 220\u00a0V-240\u00a0V ~ 50\/60\u00a0Hz,<\/span><\/strong><br \/>\n<strong><span dir=\"auto\">fr\u00e9quence d\u2019impact maximale\u00a0: 22\u00a0500\u00a0bpm,<\/span><\/strong><br \/>\n<strong><span dir=\"auto\">1 marteau arrache-clou de 227\u00a0g,<\/span><\/strong><br \/>\n<strong><span dir=\"auto\">1 tournevis SL5,5 x 100,<\/span><\/strong><br \/>\n<strong><span dir=\"auto\">1 tournevis PH1 x 100,<\/span><\/strong><br \/>\n<strong><span dir=\"auto\">1 pince universelle de 18\u00a0cm,<\/span><\/strong><br \/>\n<strong><span dir=\"auto\">1 pince \u00e0 bec long de 15\u00a0cm, 1<\/span><\/strong><br \/>\n<strong><span dir=\"auto\">cl\u00e9 \u00e0 molette de 20<\/span><\/strong><br \/>\n<strong><span dir=\"auto\">\u00a0cm, 1 crayon de test, 1 m\u00e8tre<\/span><\/strong><br \/>\n<strong><span dir=\"auto\">ruban en acier de 3\u00a0m,<\/span><\/strong><br \/>\n<strong><span dir=\"auto\">1 couteau \u00e0 lame cassable, 1<\/span><\/strong><br \/>\n<strong><span dir=\"auto\">tige magn\u00e9tique de 1\/4&Prime; (100\u00a0mm) ,<\/span><\/strong><br \/>\n<strong><span dir=\"auto\">1 manche de tournevis de pr\u00e9cision de 4\u00a0mm,<\/span><\/strong><br \/>\n<strong><span dir=\"auto\">10\u00a0embouts de tournevis de pr\u00e9cision\u00a0: SL1,5, SL2, SL3, PH000, PH00, PH0, T6, T8, H1,5, H2,5<\/span><\/strong><br \/>\n<strong><span dir=\"auto\">. Ciseaux d&rsquo;\u00e9lectricien 5,5&Prime;<\/span><\/strong><br \/>\n<strong><span dir=\"auto\">1 Mini cadre de scie \u00e0 m\u00e9taux<\/span><\/strong><br \/>\n<strong><span dir=\"auto\">8 Cl\u00e9s Allen : 1,5, 2, 2,5,<\/span><\/strong><br \/>\n<strong><span dir=\"auto\">3, 4, 5, 5, 5, 6 mm<\/span><\/strong><br \/>\n<strong><span dir=\"auto\">5 Forets \u00e0 ma\u00e7onnerie 4, 5, 6, 8, 10<\/span><\/strong><br \/>\n<strong><span dir=\"auto\">mm 5 Forets h\u00e9lico\u00efdaux<\/span><\/strong><br \/>\n<strong><span dir=\"auto\">2, 3, 4, 5, 6 mm 4 Forets \u00e0 bois 4, 5, 6, 8 mm 20 Embouts de tournevis SL3, SL4, SL5, SL6, PH0, PH1, PH2, PH3, PZ0, PZ1, PZ2, PZ3, T10, T15, T20, T30, H3, H4, H5, H6<\/span><\/strong><br \/>\n<strong><span dir=\"auto\">10 Embouts de tournevis 2&Prime; : SL4, SL5, SL6, PH1, PH2, PH3, T10, T15, T20, T30<\/span><\/strong><br \/>\n<strong><span dir=\"auto\">7 Manchons d&rsquo;alimentation (Cr-V) : 5, 6, 7, 8, 9, 10, 11 mm<\/span><\/strong><br \/>\n<strong><span dir=\"auto\">1 pi\u00e8ce Porte-embouts magn\u00e9tique<\/span><\/strong><br \/>\n<strong><span dir=\"auto\">40 vis (22 pi\u00e8ces * ST3.5, 10 pi\u00e8ces * ST4, 8 pi\u00e8ces * ST5)<\/span><\/strong><br \/>\n<strong><span dir=\"auto\">40 bouchons en plastique (22 pi\u00e8ces * 5 mm, 10 pi\u00e8ces * 6 mm, 8 pi\u00e8ces * 8 mm)<\/span><\/strong><\/p>\n<p>&nbsp;<\/p>\n","protected":false},"excerpt":{"rendered":"<p><strong><span dir=\"auto\"> perceuse \u00e0 percussion sans fil 20 V (CIDLI20668),<\/span><\/strong><br \/>\n<strong><span dir=\"auto\">1 batterie 2 Ah (FBLI20011),<\/span><\/strong><br \/>\n<strong><span dir=\"auto\">1 chargeur (FCLI2001),<\/span><\/strong><br \/>\n<strong><span dir=\"auto\">tension de charge\u00a0: 220\u00a0V-240\u00a0V ~ 50\/60\u00a0Hz,<\/span><\/strong><br \/>\n<strong><span dir=\"auto\">fr\u00e9quence d\u2019impact maximale\u00a0: 22\u00a0500\u00a0bpm,<\/span><\/strong><br \/>\n<strong><span dir=\"auto\">1 marteau arrache-clou de 227\u00a0g,<\/span><\/strong><br \/>\n<strong><span dir=\"auto\">1 tournevis SL5,5 x 100,<\/span><\/strong><br \/>\n<strong><span dir=\"auto\">1 tournevis PH1 x 100,<\/span><\/strong><br \/>\n<strong><span dir=\"auto\">1 pince universelle de 18\u00a0cm,<\/span><\/strong><br \/>\n<strong><span dir=\"auto\">1 pince \u00e0 bec long de 15\u00a0cm, 1<\/span><\/strong><br \/>\n<strong><span dir=\"auto\">cl\u00e9 \u00e0 molette de 20<\/span><\/strong><br \/>\n<strong><span dir=\"auto\">\u00a0cm, 1 crayon de test, 1 m\u00e8tre<\/span><\/strong><br \/>\n<strong><span dir=\"auto\">ruban en acier de 3\u00a0m,<\/span><\/strong><br \/>\n<strong><span dir=\"auto\">1 couteau \u00e0 lame cassable, 1<\/span><\/strong><br \/>\n<strong><span dir=\"auto\">tige magn\u00e9tique de 1\/4&Prime; (100 mm)<\/span><\/strong><\/p>\n","protected":false},"featured_media":17796,"comment_status":"open","ping_status":"closed","template":"","meta":[],"product_cat":[1102,148,590],"product_tag":[1119,827,624,1118,1120],"yoast_head":"<!-- This site is optimized with the Yoast SEO plugin v21.7 - https:\/\/yoast.com\/wordpress\/plugins\/seo\/ -->\n<title>Malette \u00e0 Outils 165 PIECES HKTHP11651 | INGCO<\/title>\n<meta name=\"description\" content=\"perceuse \u00e0 percussion sans fil 20 V (CIDLI20668),1 batterie 2 Ah (FBLI20011),1 chargeur (FCLI2001),tension de charge\u00a0: 220\u00a0V-240\u00a0V ~ 50\/60\u00a0Hz ,fr\u00e9quence\" \/>\n<meta name=\"robots\" content=\"index, follow, max-snippet:-1, max-image-preview:large, max-video-preview:-1\" \/>\n<link rel=\"canonical\" href=\"https:\/\/dsl.sn\/ingco\/product\/malette-a-outils-165-pieces-hkthp11651\/\" \/>\n<meta property=\"og:locale\" content=\"fr_FR\" \/>\n<meta property=\"og:type\" content=\"article\" \/>\n<meta property=\"og:title\" content=\"Malette \u00e0 Outils 165 PIECES HKTHP11651 | INGCO\" \/>\n<meta property=\"og:description\" content=\"perceuse \u00e0 percussion sans fil 20 V (CIDLI20668),1 batterie 2 Ah (FBLI20011),1 chargeur (FCLI2001),tension de charge\u00a0: 220\u00a0V-240\u00a0V ~ 50\/60\u00a0Hz ,fr\u00e9quence\" \/>\n<meta property=\"og:url\" content=\"https:\/\/dsl.sn\/ingco\/product\/malette-a-outils-165-pieces-hkthp11651\/\" \/>\n<meta property=\"og:site_name\" content=\"INGCO\" \/>\n<meta property=\"article:modified_time\" content=\"2025-09-05T12:28:07+00:00\" \/>\n<meta property=\"og:image\" content=\"https:\/\/dsl.sn\/ingco\/wp-content\/uploads\/2025\/09\/M.webp\" \/>\n\t<meta property=\"og:image:width\" content=\"1440\" \/>\n\t<meta property=\"og:image:height\" content=\"1440\" \/>\n\t<meta property=\"og:image:type\" content=\"image\/webp\" \/>\n<meta name=\"twitter:card\" content=\"summary_large_image\" \/>\n<meta name=\"twitter:label1\" content=\"Dur\u00e9e de lecture estim\u00e9e\" \/>\n\t<meta name=\"twitter:data1\" content=\"2 minutes\" \/>\n<script type=\"application\/ld+json\" class=\"yoast-schema-graph\">{\"@context\":\"https:\/\/schema.org\",\"@graph\":[{\"@type\":\"WebPage\",\"@id\":\"https:\/\/dsl.sn\/ingco\/product\/malette-a-outils-165-pieces-hkthp11651\/\",\"url\":\"https:\/\/dsl.sn\/ingco\/product\/malette-a-outils-165-pieces-hkthp11651\/\",\"name\":\"Malette \u00e0 Outils 165 PIECES HKTHP11651 | INGCO\",\"isPartOf\":{\"@id\":\"https:\/\/dsl.sn\/ingco\/#website\"},\"datePublished\":\"2025-09-05T12:28:06+00:00\",\"dateModified\":\"2025-09-05T12:28:07+00:00\",\"description\":\"perceuse \u00e0 percussion sans fil 20 V (CIDLI20668),1 batterie 2 Ah (FBLI20011),1 chargeur (FCLI2001),tension de charge\u00a0: 220\u00a0V-240\u00a0V ~ 50\/60\u00a0Hz ,fr\u00e9quence\",\"breadcrumb\":{\"@id\":\"https:\/\/dsl.sn\/ingco\/product\/malette-a-outils-165-pieces-hkthp11651\/#breadcrumb\"},\"inLanguage\":\"fr-FR\",\"potentialAction\":[{\"@type\":\"ReadAction\",\"target\":[\"https:\/\/dsl.sn\/ingco\/product\/malette-a-outils-165-pieces-hkthp11651\/\"]}]},{\"@type\":\"BreadcrumbList\",\"@id\":\"https:\/\/dsl.sn\/ingco\/product\/malette-a-outils-165-pieces-hkthp11651\/#breadcrumb\",\"itemListElement\":[{\"@type\":\"ListItem\",\"position\":1,\"name\":\"Accueil\",\"item\":\"https:\/\/dsl.sn\/ingco\/\"},{\"@type\":\"ListItem\",\"position\":2,\"name\":\"Shop\",\"item\":\"https:\/\/dsl.sn\/ingco\/shop-2\/\"},{\"@type\":\"ListItem\",\"position\":3,\"name\":\"Malette \u00e0 Outils 165 PIECES HKTHP11651\"}]},{\"@type\":\"WebSite\",\"@id\":\"https:\/\/dsl.sn\/ingco\/#website\",\"url\":\"https:\/\/dsl.sn\/ingco\/\",\"name\":\"INGCO\",\"description\":\"REPRESENTANT D&#039;INGCO AU SENEGAL\",\"potentialAction\":[{\"@type\":\"SearchAction\",\"target\":{\"@type\":\"EntryPoint\",\"urlTemplate\":\"https:\/\/dsl.sn\/ingco\/?s={search_term_string}\"},\"query-input\":\"required name=search_term_string\"}],\"inLanguage\":\"fr-FR\"}]}<\/script>\n<!-- \/ Yoast SEO plugin. -->","yoast_head_json":{"title":"Malette \u00e0 Outils 165 PIECES HKTHP11651 | INGCO","description":"perceuse \u00e0 percussion sans fil 20 V (CIDLI20668),1 batterie 2 Ah (FBLI20011),1 chargeur (FCLI2001),tension de charge\u00a0: 220\u00a0V-240\u00a0V ~ 50\/60\u00a0Hz ,fr\u00e9quence","robots":{"index":"index","follow":"follow","max-snippet":"max-snippet:-1","max-image-preview":"max-image-preview:large","max-video-preview":"max-video-preview:-1"},"canonical":"https:\/\/dsl.sn\/ingco\/product\/malette-a-outils-165-pieces-hkthp11651\/","og_locale":"fr_FR","og_type":"article","og_title":"Malette \u00e0 Outils 165 PIECES HKTHP11651 | INGCO","og_description":"perceuse \u00e0 percussion sans fil 20 V (CIDLI20668),1 batterie 2 Ah (FBLI20011),1 chargeur (FCLI2001),tension de charge\u00a0: 220\u00a0V-240\u00a0V ~ 50\/60\u00a0Hz ,fr\u00e9quence","og_url":"https:\/\/dsl.sn\/ingco\/product\/malette-a-outils-165-pieces-hkthp11651\/","og_site_name":"INGCO","article_modified_time":"2025-09-05T12:28:07+00:00","og_image":[{"width":1440,"height":1440,"url":"https:\/\/dsl.sn\/ingco\/wp-content\/uploads\/2025\/09\/M.webp","type":"image\/webp"}],"twitter_card":"summary_large_image","twitter_misc":{"Dur\u00e9e de lecture estim\u00e9e":"2 minutes"},"schema":{"@context":"https:\/\/schema.org","@graph":[{"@type":"WebPage","@id":"https:\/\/dsl.sn\/ingco\/product\/malette-a-outils-165-pieces-hkthp11651\/","url":"https:\/\/dsl.sn\/ingco\/product\/malette-a-outils-165-pieces-hkthp11651\/","name":"Malette \u00e0 Outils 165 PIECES HKTHP11651 | INGCO","isPartOf":{"@id":"https:\/\/dsl.sn\/ingco\/#website"},"datePublished":"2025-09-05T12:28:06+00:00","dateModified":"2025-09-05T12:28:07+00:00","description":"perceuse \u00e0 percussion sans fil 20 V (CIDLI20668),1 batterie 2 Ah (FBLI20011),1 chargeur (FCLI2001),tension de charge\u00a0: 220\u00a0V-240\u00a0V ~ 50\/60\u00a0Hz ,fr\u00e9quence","breadcrumb":{"@id":"https:\/\/dsl.sn\/ingco\/product\/malette-a-outils-165-pieces-hkthp11651\/#breadcrumb"},"inLanguage":"fr-FR","potentialAction":[{"@type":"ReadAction","target":["https:\/\/dsl.sn\/ingco\/product\/malette-a-outils-165-pieces-hkthp11651\/"]}]},{"@type":"BreadcrumbList","@id":"https:\/\/dsl.sn\/ingco\/product\/malette-a-outils-165-pieces-hkthp11651\/#breadcrumb","itemListElement":[{"@type":"ListItem","position":1,"name":"Accueil","item":"https:\/\/dsl.sn\/ingco\/"},{"@type":"ListItem","position":2,"name":"Shop","item":"https:\/\/dsl.sn\/ingco\/shop-2\/"},{"@type":"ListItem","position":3,"name":"Malette \u00e0 Outils 165 PIECES HKTHP11651"}]},{"@type":"WebSite","@id":"https:\/\/dsl.sn\/ingco\/#website","url":"https:\/\/dsl.sn\/ingco\/","name":"INGCO","description":"REPRESENTANT D&#039;INGCO AU SENEGAL","potentialAction":[{"@type":"SearchAction","target":{"@type":"EntryPoint","urlTemplate":"https:\/\/dsl.sn\/ingco\/?s={search_term_string}"},"query-input":"required name=search_term_string"}],"inLanguage":"fr-FR"}]}},"_links":{"self":[{"href":"https:\/\/dsl.sn\/ingco\/wp-json\/wp\/v2\/product\/17795"}],"collection":[{"href":"https:\/\/dsl.sn\/ingco\/wp-json\/wp\/v2\/product"}],"about":[{"href":"https:\/\/dsl.sn\/ingco\/wp-json\/wp\/v2\/types\/product"}],"replies":[{"embeddable":true,"href":"https:\/\/dsl.sn\/ingco\/wp-json\/wp\/v2\/comments?post=17795"}],"version-history":[{"count":1,"href":"https:\/\/dsl.sn\/ingco\/wp-json\/wp\/v2\/product\/17795\/revisions"}],"predecessor-version":[{"id":17797,"href":"https:\/\/dsl.sn\/ingco\/wp-json\/wp\/v2\/product\/17795\/revisions\/17797"}],"wp:featuredmedia":[{"embeddable":true,"href":"https:\/\/dsl.sn\/ingco\/wp-json\/wp\/v2\/media\/17796"}],"wp:attachment":[{"href":"https:\/\/dsl.sn\/ingco\/wp-json\/wp\/v2\/media?parent=17795"}],"wp:term":[{"taxonomy":"product_cat","embeddable":true,"href":"https:\/\/dsl.sn\/ingco\/wp-json\/wp\/v2\/product_cat?post=17795"},{"taxonomy":"product_tag","embeddable":true,"href":"https:\/\/dsl.sn\/ingco\/wp-json\/wp\/v2\/product_tag?post=17795"}],"curies":[{"name":"wp","href":"https:\/\/api.w.org\/{rel}","templated":true}]}}