{"id":17791,"date":"2025-09-05T11:34:38","date_gmt":"2025-09-05T11:34:38","guid":{"rendered":"https:\/\/dsl.sn\/ingco\/?post_type=product&#038;p=17791"},"modified":"2025-09-05T11:45:30","modified_gmt":"2025-09-05T11:45:30","slug":"cle-a-roue-hrcw40231","status":"publish","type":"product","link":"https:\/\/dsl.sn\/ingco\/product\/cle-a-roue-hrcw40231\/","title":{"rendered":"cl\u00e9 \u00e0 roue HRCW40231"},"content":{"rendered":"<p><strong>Nom : Cl\u00e9\u00a0 \u00e0 roue HRCW40231<\/strong><\/p>\n<p><strong>Reference: HRCW40231<\/strong><\/p>\n<p><strong>Marque:\u00a0 INGCO\u00a0\u00a0<\/strong><\/p>\n<p><strong>description :<\/strong><\/p>\n<p><strong><span dir=\"auto\">Taille : 16<\/span><\/strong><br \/>\n<strong><span dir=\"auto\">Avec 4 douilles 1\/2 : 17 mm 19 mm 21 mm 23 mm<\/span><\/strong><br \/>\n<strong><span dir=\"auto\">Forg\u00e9 et chrom\u00e9<\/span><\/strong><br \/>\n<strong><span dir=\"auto\">La conception \u00e0 \u00e9conomie d&rsquo;\u00e9nergie crois\u00e9e offre un effet de levier et un couple suppl\u00e9mentaires<\/span><\/strong><br \/>\n<strong><span dir=\"auto\">Emball\u00e9 dans un sac en cuir<\/span><\/strong><\/p>\n","protected":false},"excerpt":{"rendered":"<p><span dir=\"auto\">La cl\u00e9\u00a0 \u00e0\u00a0 roue HRCW40231 est de Taille : 16<\/span><br \/>\n<span dir=\"auto\">Avec 4 douilles 1\/2 : 17 mm 19 mm 21 mm 23 mm<\/span><br \/>\n<span dir=\"auto\">Forg\u00e9 et chrom\u00e9<\/span><br \/>\n<span dir=\"auto\">La conception \u00e0 \u00e9conomie d&rsquo;\u00e9nergie crois\u00e9e offre un effet de levier et un couple suppl\u00e9mentaires<\/span><br \/>\n<span dir=\"auto\">Emball\u00e9 dans un sac en cuir.<\/span><\/p>\n","protected":false},"featured_media":17792,"comment_status":"open","ping_status":"closed","template":"","meta":[],"product_cat":[148,619,592],"product_tag":[740,1117,692,793],"yoast_head":"<!-- This site is optimized with the Yoast SEO plugin v21.7 - https:\/\/yoast.com\/wordpress\/plugins\/seo\/ -->\n<title>cl\u00e9 \u00e0 roue HRCW40231 | INGCO<\/title>\n<meta name=\"description\" content=\"Taille : 16 Avec 4 douilles 1\/2 : 17 mm 19 mm 21 mm 23 mm Forg\u00e9 et chrom\u00e9 La conception \u00e0 \u00e9conomie d&#039;\u00e9nergie crois\u00e9e offre un effet de levier et un couple\" \/>\n<meta name=\"robots\" content=\"index, follow, max-snippet:-1, max-image-preview:large, max-video-preview:-1\" \/>\n<link rel=\"canonical\" href=\"https:\/\/dsl.sn\/ingco\/product\/cle-a-roue-hrcw40231\/\" \/>\n<meta property=\"og:locale\" content=\"fr_FR\" \/>\n<meta property=\"og:type\" content=\"article\" \/>\n<meta property=\"og:title\" content=\"cl\u00e9 \u00e0 roue HRCW40231 | INGCO\" \/>\n<meta property=\"og:description\" content=\"Taille : 16 Avec 4 douilles 1\/2 : 17 mm 19 mm 21 mm 23 mm Forg\u00e9 et chrom\u00e9 La conception \u00e0 \u00e9conomie d&#039;\u00e9nergie crois\u00e9e offre un effet de levier et un couple\" \/>\n<meta property=\"og:url\" content=\"https:\/\/dsl.sn\/ingco\/product\/cle-a-roue-hrcw40231\/\" \/>\n<meta property=\"og:site_name\" content=\"INGCO\" \/>\n<meta property=\"article:modified_time\" content=\"2025-09-05T11:45:30+00:00\" \/>\n<meta property=\"og:image\" content=\"https:\/\/dsl.sn\/ingco\/wp-content\/uploads\/2025\/09\/CLE-A-ROUE.jpg\" \/>\n\t<meta property=\"og:image:width\" content=\"800\" \/>\n\t<meta property=\"og:image:height\" content=\"800\" \/>\n\t<meta property=\"og:image:type\" content=\"image\/jpeg\" \/>\n<meta name=\"twitter:card\" content=\"summary_large_image\" \/>\n<meta name=\"twitter:label1\" content=\"Dur\u00e9e de lecture estim\u00e9e\" \/>\n\t<meta name=\"twitter:data1\" content=\"1 minute\" \/>\n<script type=\"application\/ld+json\" class=\"yoast-schema-graph\">{\"@context\":\"https:\/\/schema.org\",\"@graph\":[{\"@type\":\"WebPage\",\"@id\":\"https:\/\/dsl.sn\/ingco\/product\/cle-a-roue-hrcw40231\/\",\"url\":\"https:\/\/dsl.sn\/ingco\/product\/cle-a-roue-hrcw40231\/\",\"name\":\"cl\u00e9 \u00e0 roue HRCW40231 | INGCO\",\"isPartOf\":{\"@id\":\"https:\/\/dsl.sn\/ingco\/#website\"},\"datePublished\":\"2025-09-05T11:34:38+00:00\",\"dateModified\":\"2025-09-05T11:45:30+00:00\",\"description\":\"Taille : 16 Avec 4 douilles 1\/2 : 17 mm 19 mm 21 mm 23 mm Forg\u00e9 et chrom\u00e9 La conception \u00e0 \u00e9conomie d'\u00e9nergie crois\u00e9e offre un effet de levier et un couple\",\"breadcrumb\":{\"@id\":\"https:\/\/dsl.sn\/ingco\/product\/cle-a-roue-hrcw40231\/#breadcrumb\"},\"inLanguage\":\"fr-FR\",\"potentialAction\":[{\"@type\":\"ReadAction\",\"target\":[\"https:\/\/dsl.sn\/ingco\/product\/cle-a-roue-hrcw40231\/\"]}]},{\"@type\":\"BreadcrumbList\",\"@id\":\"https:\/\/dsl.sn\/ingco\/product\/cle-a-roue-hrcw40231\/#breadcrumb\",\"itemListElement\":[{\"@type\":\"ListItem\",\"position\":1,\"name\":\"Accueil\",\"item\":\"https:\/\/dsl.sn\/ingco\/\"},{\"@type\":\"ListItem\",\"position\":2,\"name\":\"Shop\",\"item\":\"https:\/\/dsl.sn\/ingco\/shop-2\/\"},{\"@type\":\"ListItem\",\"position\":3,\"name\":\"cl\u00e9 \u00e0 roue HRCW40231\"}]},{\"@type\":\"WebSite\",\"@id\":\"https:\/\/dsl.sn\/ingco\/#website\",\"url\":\"https:\/\/dsl.sn\/ingco\/\",\"name\":\"INGCO\",\"description\":\"REPRESENTANT D&#039;INGCO AU SENEGAL\",\"potentialAction\":[{\"@type\":\"SearchAction\",\"target\":{\"@type\":\"EntryPoint\",\"urlTemplate\":\"https:\/\/dsl.sn\/ingco\/?s={search_term_string}\"},\"query-input\":\"required name=search_term_string\"}],\"inLanguage\":\"fr-FR\"}]}<\/script>\n<!-- \/ Yoast SEO plugin. -->","yoast_head_json":{"title":"cl\u00e9 \u00e0 roue HRCW40231 | INGCO","description":"Taille : 16 Avec 4 douilles 1\/2 : 17 mm 19 mm 21 mm 23 mm Forg\u00e9 et chrom\u00e9 La conception \u00e0 \u00e9conomie d'\u00e9nergie crois\u00e9e offre un effet de levier et un couple","robots":{"index":"index","follow":"follow","max-snippet":"max-snippet:-1","max-image-preview":"max-image-preview:large","max-video-preview":"max-video-preview:-1"},"canonical":"https:\/\/dsl.sn\/ingco\/product\/cle-a-roue-hrcw40231\/","og_locale":"fr_FR","og_type":"article","og_title":"cl\u00e9 \u00e0 roue HRCW40231 | INGCO","og_description":"Taille : 16 Avec 4 douilles 1\/2 : 17 mm 19 mm 21 mm 23 mm Forg\u00e9 et chrom\u00e9 La conception \u00e0 \u00e9conomie d'\u00e9nergie crois\u00e9e offre un effet de levier et un couple","og_url":"https:\/\/dsl.sn\/ingco\/product\/cle-a-roue-hrcw40231\/","og_site_name":"INGCO","article_modified_time":"2025-09-05T11:45:30+00:00","og_image":[{"width":800,"height":800,"url":"https:\/\/dsl.sn\/ingco\/wp-content\/uploads\/2025\/09\/CLE-A-ROUE.jpg","type":"image\/jpeg"}],"twitter_card":"summary_large_image","twitter_misc":{"Dur\u00e9e de lecture estim\u00e9e":"1 minute"},"schema":{"@context":"https:\/\/schema.org","@graph":[{"@type":"WebPage","@id":"https:\/\/dsl.sn\/ingco\/product\/cle-a-roue-hrcw40231\/","url":"https:\/\/dsl.sn\/ingco\/product\/cle-a-roue-hrcw40231\/","name":"cl\u00e9 \u00e0 roue HRCW40231 | INGCO","isPartOf":{"@id":"https:\/\/dsl.sn\/ingco\/#website"},"datePublished":"2025-09-05T11:34:38+00:00","dateModified":"2025-09-05T11:45:30+00:00","description":"Taille : 16 Avec 4 douilles 1\/2 : 17 mm 19 mm 21 mm 23 mm Forg\u00e9 et chrom\u00e9 La conception \u00e0 \u00e9conomie d'\u00e9nergie crois\u00e9e offre un effet de levier et un couple","breadcrumb":{"@id":"https:\/\/dsl.sn\/ingco\/product\/cle-a-roue-hrcw40231\/#breadcrumb"},"inLanguage":"fr-FR","potentialAction":[{"@type":"ReadAction","target":["https:\/\/dsl.sn\/ingco\/product\/cle-a-roue-hrcw40231\/"]}]},{"@type":"BreadcrumbList","@id":"https:\/\/dsl.sn\/ingco\/product\/cle-a-roue-hrcw40231\/#breadcrumb","itemListElement":[{"@type":"ListItem","position":1,"name":"Accueil","item":"https:\/\/dsl.sn\/ingco\/"},{"@type":"ListItem","position":2,"name":"Shop","item":"https:\/\/dsl.sn\/ingco\/shop-2\/"},{"@type":"ListItem","position":3,"name":"cl\u00e9 \u00e0 roue HRCW40231"}]},{"@type":"WebSite","@id":"https:\/\/dsl.sn\/ingco\/#website","url":"https:\/\/dsl.sn\/ingco\/","name":"INGCO","description":"REPRESENTANT D&#039;INGCO AU SENEGAL","potentialAction":[{"@type":"SearchAction","target":{"@type":"EntryPoint","urlTemplate":"https:\/\/dsl.sn\/ingco\/?s={search_term_string}"},"query-input":"required name=search_term_string"}],"inLanguage":"fr-FR"}]}},"_links":{"self":[{"href":"https:\/\/dsl.sn\/ingco\/wp-json\/wp\/v2\/product\/17791"}],"collection":[{"href":"https:\/\/dsl.sn\/ingco\/wp-json\/wp\/v2\/product"}],"about":[{"href":"https:\/\/dsl.sn\/ingco\/wp-json\/wp\/v2\/types\/product"}],"replies":[{"embeddable":true,"href":"https:\/\/dsl.sn\/ingco\/wp-json\/wp\/v2\/comments?post=17791"}],"version-history":[{"count":1,"href":"https:\/\/dsl.sn\/ingco\/wp-json\/wp\/v2\/product\/17791\/revisions"}],"predecessor-version":[{"id":17793,"href":"https:\/\/dsl.sn\/ingco\/wp-json\/wp\/v2\/product\/17791\/revisions\/17793"}],"wp:featuredmedia":[{"embeddable":true,"href":"https:\/\/dsl.sn\/ingco\/wp-json\/wp\/v2\/media\/17792"}],"wp:attachment":[{"href":"https:\/\/dsl.sn\/ingco\/wp-json\/wp\/v2\/media?parent=17791"}],"wp:term":[{"taxonomy":"product_cat","embeddable":true,"href":"https:\/\/dsl.sn\/ingco\/wp-json\/wp\/v2\/product_cat?post=17791"},{"taxonomy":"product_tag","embeddable":true,"href":"https:\/\/dsl.sn\/ingco\/wp-json\/wp\/v2\/product_tag?post=17791"}],"curies":[{"name":"wp","href":"https:\/\/api.w.org\/{rel}","templated":true}]}}