{"id":2299,"date":"2023-03-09T10:47:20","date_gmt":"2023-03-09T10:47:20","guid":{"rendered":"http:\/\/localhost\/blonwe\/?page_id=2299"},"modified":"2023-12-08T12:24:15","modified_gmt":"2023-12-08T12:24:15","slug":"contact","status":"publish","type":"page","link":"https:\/\/dsl.sn\/ingco\/contact\/","title":{"rendered":"Contact"},"content":{"rendered":"\t\t<div data-elementor-type=\"wp-page\" data-elementor-id=\"2299\" class=\"elementor elementor-2299\">\n\t\t\t\t\t\t\t\t\t<section class=\"elementor-section elementor-top-section elementor-element elementor-element-8b26ca1 elementor-section-full_width elementor-section-height-default elementor-section-height-default\" data-id=\"8b26ca1\" data-element_type=\"section\">\n\t\t\t\t\t\t<div class=\"elementor-container elementor-column-gap-no\">\n\t\t\t\t\t<div class=\"elementor-column elementor-col-100 elementor-top-column elementor-element elementor-element-d398bf6\" data-id=\"d398bf6\" data-element_type=\"column\">\n\t\t\t<div class=\"elementor-widget-wrap elementor-element-populated\">\n\t\t\t\t\t\t\t\t<div class=\"elementor-element elementor-element-84f074f elementor-widget elementor-widget-blonwe-page-banner\" data-id=\"84f074f\" data-element_type=\"widget\" data-widget_type=\"blonwe-page-banner.default\">\n\t\t\t\t<div class=\"elementor-widget-container\">\n\t\t\t<div class=\"page-header\"><div class=\"container\"><div class=\"page-header-inner\"><h1 class=\"entry-title\">Vous pouvez nous poser des questions !<\/h1><div class=\"entry-description\"><p>Contactez-nous pour toutes vos questions et opinions, ou vous pouvez r\u00e9soudre vos probl\u00e8mes \n<\/p><\/div><\/div><\/div><\/div>\t\t<\/div>\n\t\t\t\t<\/div>\n\t\t\t\t\t<\/div>\n\t\t<\/div>\n\t\t\t\t\t\t\t<\/div>\n\t\t<\/section>\n\t\t\t\t<section class=\"elementor-section elementor-top-section elementor-element elementor-element-f3de2e3 elementor-section-boxed elementor-section-height-default elementor-section-height-default\" data-id=\"f3de2e3\" data-element_type=\"section\">\n\t\t\t\t\t\t<div class=\"elementor-container elementor-column-gap-extended\">\n\t\t\t\t\t<div class=\"elementor-column elementor-col-50 elementor-top-column elementor-element elementor-element-1599fe1\" data-id=\"1599fe1\" data-element_type=\"column\">\n\t\t\t<div class=\"elementor-widget-wrap elementor-element-populated\">\n\t\t\t\t\t\t\t\t<div class=\"elementor-element elementor-element-8ce5055 elementor-widget elementor-widget-text-editor\" data-id=\"8ce5055\" data-element_type=\"widget\" data-widget_type=\"text-editor.default\">\n\t\t\t\t<div class=\"elementor-widget-container\">\n\t\t\t<style>\/*! elementor - v3.18.0 - 20-12-2023 *\/\n.elementor-widget-text-editor.elementor-drop-cap-view-stacked .elementor-drop-cap{background-color:#69727d;color:#fff}.elementor-widget-text-editor.elementor-drop-cap-view-framed .elementor-drop-cap{color:#69727d;border:3px solid;background-color:transparent}.elementor-widget-text-editor:not(.elementor-drop-cap-view-default) .elementor-drop-cap{margin-top:8px}.elementor-widget-text-editor:not(.elementor-drop-cap-view-default) .elementor-drop-cap-letter{width:1em;height:1em}.elementor-widget-text-editor .elementor-drop-cap{float:left;text-align:center;line-height:1;font-size:50px}.elementor-widget-text-editor .elementor-drop-cap-letter{display:inline-block}<\/style>\t\t\t\t<p>Nous Joindre<\/p>\t\t\t\t\t\t<\/div>\n\t\t\t\t<\/div>\n\t\t\t\t<div class=\"elementor-element elementor-element-e7a6835 elementor-widget elementor-widget-image\" data-id=\"e7a6835\" data-element_type=\"widget\" data-widget_type=\"image.default\">\n\t\t\t\t<div class=\"elementor-widget-container\">\n\t\t\t<style>\/*! elementor - v3.18.0 - 20-12-2023 *\/\n.elementor-widget-image{text-align:center}.elementor-widget-image a{display:inline-block}.elementor-widget-image a img[src$=\".svg\"]{width:48px}.elementor-widget-image img{vertical-align:middle;display:inline-block}<\/style>\t\t\t\t\t\t\t\t\t\t\t\t<img decoding=\"async\" src=\"http:\/\/localhost\/blonwe\/wp-content\/uploads\/2023\/03\/contact-image-1.jpg\" title=\"\" alt=\"\" loading=\"lazy\" \/>\t\t\t\t\t\t\t\t\t\t\t\t\t\t\t<\/div>\n\t\t\t\t<\/div>\n\t\t\t\t<div class=\"elementor-element elementor-element-adbfb26 elementor-widget elementor-widget-blonwe-address-box\" data-id=\"adbfb26\" data-element_type=\"widget\" data-widget_type=\"blonwe-address-box.default\">\n\t\t\t\t<div class=\"elementor-widget-container\">\n\t\t\t<div class=\"klb-address-detail style-1\"><div class=\"address-icon number\"><\/div><div class=\"address-detail\"><div class=\"address-country\">S\u00e9n\u00e9gal<\/div><div class=\"address-title\">DAKAR SENEGAL<\/div><p class=\"address\">Centre ville<\/p><p class=\"phone\"><a href=\"tel:+221 33 832 19 44 \/ +221 77 687 85 68\">+221 33 832 19 44 \/ +221 77 687 85 68<\/a><\/p><a href=\"mailto:contact@dsl.sn\" class=\"email\">contact@dsl.sn<\/a><\/div><\/div>\t\t<\/div>\n\t\t\t\t<\/div>\n\t\t\t\t<div class=\"elementor-element elementor-element-e733998 elementor-widget elementor-widget-blonwe-icon-box\" data-id=\"e733998\" data-element_type=\"widget\" data-widget_type=\"blonwe-icon-box.default\">\n\t\t\t\t<div class=\"elementor-widget-container\">\n\t\t\t<div class=\"klb-module module-iconbox \"><div class=\"module-body\"><div class=\"iconbox-icon\"><i class=\"klb-delivery-icon-call-center\"><\/i><\/div><div class=\"iconbox-content\"><h4 class=\"entry-title\">Assistance en ligne 24h\/24 et 7j\/7<\/h4><p>Assistance en ligne 24h\/24\n<\/p><\/div> <\/div> <\/div>\t\t<\/div>\n\t\t\t\t<\/div>\n\t\t\t\t<div class=\"elementor-element elementor-element-967faba elementor-widget elementor-widget-blonwe-icon-box\" data-id=\"967faba\" data-element_type=\"widget\" data-widget_type=\"blonwe-icon-box.default\">\n\t\t\t\t<div class=\"elementor-widget-container\">\n\t\t\t<div class=\"klb-module module-iconbox \"><div class=\"module-body\"><div class=\"iconbox-icon\"><i class=\"klb-delivery-icon-ship-o\"><\/i><\/div><div class=\"iconbox-content\"><h4 class=\"entry-title\">Livarison<\/h4><p>Partout dans le monde<\/p><\/div> <\/div> <\/div>\t\t<\/div>\n\t\t\t\t<\/div>\n\t\t\t\t\t<\/div>\n\t\t<\/div>\n\t\t\t\t<div class=\"elementor-column elementor-col-50 elementor-top-column elementor-element elementor-element-5cb7e60\" data-id=\"5cb7e60\" data-element_type=\"column\">\n\t\t\t<div class=\"elementor-widget-wrap elementor-element-populated\">\n\t\t\t\t\t\t\t\t<div class=\"elementor-element elementor-element-95dd3f5 elementor-widget elementor-widget-blonwe-contact-form-7\" data-id=\"95dd3f5\" data-element_type=\"widget\" data-widget_type=\"blonwe-contact-form-7.default\">\n\t\t\t\t<div class=\"elementor-widget-container\">\n\t\t\t<div class=\"klb-contact-form contact-form\"><div class=\"form-header\"><h3 class=\"entry-title\">Entrer en contact<\/h3><div class=\"entry-description\"><p><\/p><\/div><\/div>\n<div class=\"wpcf7 no-js\" id=\"wpcf7-f5-o1\" lang=\"fr-FR\" dir=\"ltr\">\n<div class=\"screen-reader-response\"><p role=\"status\" aria-live=\"polite\" aria-atomic=\"true\"><\/p> <ul><\/ul><\/div>\n<form action=\"\/ingco\/wp-json\/wp\/v2\/pages\/2299#wpcf7-f5-o1\" method=\"post\" class=\"wpcf7-form init\" aria-label=\"Formulaire de contact\" novalidate=\"novalidate\" data-status=\"init\">\n<div style=\"display: none;\">\n<input type=\"hidden\" name=\"_wpcf7\" value=\"5\" \/>\n<input type=\"hidden\" name=\"_wpcf7_version\" value=\"5.8.5\" \/>\n<input type=\"hidden\" name=\"_wpcf7_locale\" value=\"fr_FR\" \/>\n<input type=\"hidden\" name=\"_wpcf7_unit_tag\" value=\"wpcf7-f5-o1\" \/>\n<input type=\"hidden\" name=\"_wpcf7_container_post\" value=\"0\" \/>\n<input type=\"hidden\" name=\"_wpcf7_posted_data_hash\" value=\"\" \/>\n<\/div>\n<p><label> Votre nom (required)<br \/>\n<span class=\"wpcf7-form-control-wrap\" data-name=\"your-name\"><input size=\"40\" class=\"wpcf7-form-control wpcf7-text wpcf7-validates-as-required\" aria-required=\"true\" aria-invalid=\"false\" value=\"\" type=\"text\" name=\"your-name\" \/><\/span> <\/label>\n<\/p>\n<p><label> Telephone (required)<br \/>\n<span class=\"wpcf7-form-control-wrap\" data-name=\"Tel\"><input size=\"40\" class=\"wpcf7-form-control wpcf7-text wpcf7-validates-as-required\" aria-required=\"true\" aria-invalid=\"false\" value=\"\" type=\"text\" name=\"Tel\" \/><\/span> <\/label>\n<\/p>\n<p><label> Votre Email<br \/>\n<span class=\"wpcf7-form-control-wrap\" data-name=\"your-email\"><input size=\"40\" class=\"wpcf7-form-control wpcf7-email wpcf7-validates-as-required wpcf7-text wpcf7-validates-as-email\" aria-required=\"true\" aria-invalid=\"false\" value=\"\" type=\"email\" name=\"your-email\" \/><\/span> <\/label>\n<\/p>\n<p><label> Votre Sujet<br \/>\n<span class=\"wpcf7-form-control-wrap\" data-name=\"your-subject\"><input size=\"40\" class=\"wpcf7-form-control wpcf7-text\" aria-invalid=\"false\" value=\"\" type=\"text\" name=\"your-subject\" \/><\/span> <\/label>\n<\/p>\n<p><label> Votre Message<br \/>\n<span class=\"wpcf7-form-control-wrap\" data-name=\"your-message\"><textarea cols=\"40\" rows=\"10\" class=\"wpcf7-form-control wpcf7-textarea\" aria-invalid=\"false\" name=\"your-message\"><\/textarea><\/span> <\/label>\n<\/p>\n<p><input class=\"wpcf7-form-control wpcf7-submit has-spinner\" type=\"submit\" value=\"Envoyez\" \/>\n<\/p><div class=\"wpcf7-response-output\" aria-hidden=\"true\"><\/div>\n<\/form>\n<\/div>\n<\/div><!-- contact-form -->\t\t<\/div>\n\t\t\t\t<\/div>\n\t\t\t\t\t<\/div>\n\t\t<\/div>\n\t\t\t\t\t\t\t<\/div>\n\t\t<\/section>\n\t\t\t\t\t\t\t<\/div>\n\t\t","protected":false},"excerpt":{"rendered":"<p>Vous pouvez nous poser des questions ! Contactez-nous pour toutes vos questions et opinions, ou vous pouvez r\u00e9soudre vos probl\u00e8mes Nous Joindre S\u00e9n\u00e9galDAKAR SENEGAL Centre ville +221 33 832 19 44 \/ +221 77 687 85 68 contact@dsl.sn Assistance en ligne 24h\/24 et 7j\/7 Assistance en ligne 24h\/24 Livarison Partout dans le monde Entrer en<\/p>\n<div class=\"klb-readmore button\"><a class=\"btn link\" href=\"https:\/\/dsl.sn\/ingco\/contact\/\">Read More <i class=\"klbth-icon-right-arrow\"><\/i><\/a><\/div>\n","protected":false},"author":6,"featured_media":0,"parent":0,"menu_order":0,"comment_status":"closed","ping_status":"closed","template":"","meta":{"footnotes":""},"yoast_head":"<!-- This site is optimized with the Yoast SEO plugin v21.7 - https:\/\/yoast.com\/wordpress\/plugins\/seo\/ -->\n<title>Contact | INGCO<\/title>\n<meta name=\"robots\" content=\"index, follow, max-snippet:-1, max-image-preview:large, max-video-preview:-1\" \/>\n<link rel=\"canonical\" href=\"https:\/\/dsl.sn\/ingco\/contact\/\" \/>\n<meta property=\"og:locale\" content=\"fr_FR\" \/>\n<meta property=\"og:type\" content=\"article\" \/>\n<meta property=\"og:title\" content=\"Contact | INGCO\" \/>\n<meta property=\"og:description\" content=\"Vous pouvez nous poser des questions ! Contactez-nous pour toutes vos questions et opinions, ou vous pouvez r\u00e9soudre vos probl\u00e8mes Nous Joindre S\u00e9n\u00e9galDAKAR SENEGAL Centre ville +221 33 832 19 44 \/ +221 77 687 85 68 contact@dsl.sn Assistance en ligne 24h\/24 et 7j\/7 Assistance en ligne 24h\/24 Livarison Partout dans le monde Entrer enRead More\" \/>\n<meta property=\"og:url\" content=\"https:\/\/dsl.sn\/ingco\/contact\/\" \/>\n<meta property=\"og:site_name\" content=\"INGCO\" \/>\n<meta property=\"article:modified_time\" content=\"2023-12-08T12:24:15+00:00\" \/>\n<meta property=\"og:image\" content=\"http:\/\/localhost\/blonwe\/wp-content\/uploads\/2023\/03\/contact-image-1.jpg\" \/>\n<meta name=\"twitter:card\" content=\"summary_large_image\" \/>\n<meta name=\"twitter:label1\" content=\"Dur\u00e9e de lecture estim\u00e9e\" \/>\n\t<meta name=\"twitter:data1\" content=\"1 minute\" \/>\n<script type=\"application\/ld+json\" class=\"yoast-schema-graph\">{\"@context\":\"https:\/\/schema.org\",\"@graph\":[{\"@type\":\"WebPage\",\"@id\":\"https:\/\/dsl.sn\/ingco\/contact\/\",\"url\":\"https:\/\/dsl.sn\/ingco\/contact\/\",\"name\":\"Contact | INGCO\",\"isPartOf\":{\"@id\":\"https:\/\/dsl.sn\/ingco\/#website\"},\"datePublished\":\"2023-03-09T10:47:20+00:00\",\"dateModified\":\"2023-12-08T12:24:15+00:00\",\"breadcrumb\":{\"@id\":\"https:\/\/dsl.sn\/ingco\/contact\/#breadcrumb\"},\"inLanguage\":\"fr-FR\",\"potentialAction\":[{\"@type\":\"ReadAction\",\"target\":[\"https:\/\/dsl.sn\/ingco\/contact\/\"]}]},{\"@type\":\"BreadcrumbList\",\"@id\":\"https:\/\/dsl.sn\/ingco\/contact\/#breadcrumb\",\"itemListElement\":[{\"@type\":\"ListItem\",\"position\":1,\"name\":\"Accueil\",\"item\":\"https:\/\/dsl.sn\/ingco\/\"},{\"@type\":\"ListItem\",\"position\":2,\"name\":\"Contact\"}]},{\"@type\":\"WebSite\",\"@id\":\"https:\/\/dsl.sn\/ingco\/#website\",\"url\":\"https:\/\/dsl.sn\/ingco\/\",\"name\":\"INGCO\",\"description\":\"REPRESENTANT D&#039;INGCO AU SENEGAL\",\"potentialAction\":[{\"@type\":\"SearchAction\",\"target\":{\"@type\":\"EntryPoint\",\"urlTemplate\":\"https:\/\/dsl.sn\/ingco\/?s={search_term_string}\"},\"query-input\":\"required name=search_term_string\"}],\"inLanguage\":\"fr-FR\"}]}<\/script>\n<!-- \/ Yoast SEO plugin. -->","yoast_head_json":{"title":"Contact | INGCO","robots":{"index":"index","follow":"follow","max-snippet":"max-snippet:-1","max-image-preview":"max-image-preview:large","max-video-preview":"max-video-preview:-1"},"canonical":"https:\/\/dsl.sn\/ingco\/contact\/","og_locale":"fr_FR","og_type":"article","og_title":"Contact | INGCO","og_description":"Vous pouvez nous poser des questions ! Contactez-nous pour toutes vos questions et opinions, ou vous pouvez r\u00e9soudre vos probl\u00e8mes Nous Joindre S\u00e9n\u00e9galDAKAR SENEGAL Centre ville +221 33 832 19 44 \/ +221 77 687 85 68 contact@dsl.sn Assistance en ligne 24h\/24 et 7j\/7 Assistance en ligne 24h\/24 Livarison Partout dans le monde Entrer enRead More","og_url":"https:\/\/dsl.sn\/ingco\/contact\/","og_site_name":"INGCO","article_modified_time":"2023-12-08T12:24:15+00:00","og_image":[{"url":"http:\/\/localhost\/blonwe\/wp-content\/uploads\/2023\/03\/contact-image-1.jpg"}],"twitter_card":"summary_large_image","twitter_misc":{"Dur\u00e9e de lecture estim\u00e9e":"1 minute"},"schema":{"@context":"https:\/\/schema.org","@graph":[{"@type":"WebPage","@id":"https:\/\/dsl.sn\/ingco\/contact\/","url":"https:\/\/dsl.sn\/ingco\/contact\/","name":"Contact | INGCO","isPartOf":{"@id":"https:\/\/dsl.sn\/ingco\/#website"},"datePublished":"2023-03-09T10:47:20+00:00","dateModified":"2023-12-08T12:24:15+00:00","breadcrumb":{"@id":"https:\/\/dsl.sn\/ingco\/contact\/#breadcrumb"},"inLanguage":"fr-FR","potentialAction":[{"@type":"ReadAction","target":["https:\/\/dsl.sn\/ingco\/contact\/"]}]},{"@type":"BreadcrumbList","@id":"https:\/\/dsl.sn\/ingco\/contact\/#breadcrumb","itemListElement":[{"@type":"ListItem","position":1,"name":"Accueil","item":"https:\/\/dsl.sn\/ingco\/"},{"@type":"ListItem","position":2,"name":"Contact"}]},{"@type":"WebSite","@id":"https:\/\/dsl.sn\/ingco\/#website","url":"https:\/\/dsl.sn\/ingco\/","name":"INGCO","description":"REPRESENTANT D&#039;INGCO AU SENEGAL","potentialAction":[{"@type":"SearchAction","target":{"@type":"EntryPoint","urlTemplate":"https:\/\/dsl.sn\/ingco\/?s={search_term_string}"},"query-input":"required name=search_term_string"}],"inLanguage":"fr-FR"}]}},"_links":{"self":[{"href":"https:\/\/dsl.sn\/ingco\/wp-json\/wp\/v2\/pages\/2299"}],"collection":[{"href":"https:\/\/dsl.sn\/ingco\/wp-json\/wp\/v2\/pages"}],"about":[{"href":"https:\/\/dsl.sn\/ingco\/wp-json\/wp\/v2\/types\/page"}],"author":[{"embeddable":true,"href":"https:\/\/dsl.sn\/ingco\/wp-json\/wp\/v2\/users\/6"}],"replies":[{"embeddable":true,"href":"https:\/\/dsl.sn\/ingco\/wp-json\/wp\/v2\/comments?post=2299"}],"version-history":[{"count":9,"href":"https:\/\/dsl.sn\/ingco\/wp-json\/wp\/v2\/pages\/2299\/revisions"}],"predecessor-version":[{"id":17392,"href":"https:\/\/dsl.sn\/ingco\/wp-json\/wp\/v2\/pages\/2299\/revisions\/17392"}],"wp:attachment":[{"href":"https:\/\/dsl.sn\/ingco\/wp-json\/wp\/v2\/media?parent=2299"}],"curies":[{"name":"wp","href":"https:\/\/api.w.org\/{rel}","templated":true}]}}