{"id":1735,"date":"2023-03-08T10:39:53","date_gmt":"2023-03-08T10:39:53","guid":{"rendered":"http:\/\/localhost\/blonwe\/?page_id=1735"},"modified":"2023-12-08T12:50:17","modified_gmt":"2023-12-08T12:50:17","slug":"about-us-2","status":"publish","type":"page","link":"https:\/\/dsl.sn\/ingco\/about-us-2\/","title":{"rendered":"About Us"},"content":{"rendered":"\t\t<div data-elementor-type=\"wp-page\" data-elementor-id=\"1735\" class=\"elementor elementor-1735\">\n\t\t\t\t\t\t\t\t\t<section class=\"elementor-section elementor-top-section elementor-element elementor-element-ebab944 elementor-section-full_width elementor-section-height-default elementor-section-height-default\" data-id=\"ebab944\" data-element_type=\"section\">\n\t\t\t\t\t\t<div class=\"elementor-container elementor-column-gap-no\">\n\t\t\t\t\t<div class=\"elementor-column elementor-col-100 elementor-top-column elementor-element elementor-element-43e8c75\" data-id=\"43e8c75\" data-element_type=\"column\">\n\t\t\t<div class=\"elementor-widget-wrap elementor-element-populated\">\n\t\t\t\t\t\t\t\t<div class=\"elementor-element elementor-element-9742ef0 elementor-widget elementor-widget-blonwe-page-banner\" data-id=\"9742ef0\" data-element_type=\"widget\" data-widget_type=\"blonwe-page-banner.default\">\n\t\t\t\t<div class=\"elementor-widget-container\">\n\t\t\t<div class=\"page-header centered large light\"><div class=\"container\"><div class=\"page-header-inner\"><h5 class=\"entry-subtitle\"><\/h5><h1 class=\"entry-title large\">A PROPOS DE NOUS<\/h1><div class=\"entry-description\"><p><\/p><\/div><\/div><\/div><div class=\"page-header-image overlay-25\"><img decoding=\"async\" src=\"https:\/\/klbtheme.com\/blonwe\/wp-content\/uploads\/2023\/10\/about-image-1.jpg\"><\/div><\/div>\t\t<\/div>\n\t\t\t\t<\/div>\n\t\t\t\t\t<\/div>\n\t\t<\/div>\n\t\t\t\t\t\t\t<\/div>\n\t\t<\/section>\n\t\t\t\t<section class=\"elementor-section elementor-top-section elementor-element elementor-element-bba92c1 elementor-section-boxed elementor-section-height-default elementor-section-height-default\" data-id=\"bba92c1\" data-element_type=\"section\">\n\t\t\t\t\t\t<div class=\"elementor-container elementor-column-gap-extended\">\n\t\t\t\t\t<div class=\"elementor-column elementor-col-33 elementor-top-column elementor-element elementor-element-eb84193\" data-id=\"eb84193\" data-element_type=\"column\">\n\t\t\t<div class=\"elementor-widget-wrap elementor-element-populated\">\n\t\t\t\t\t\t\t\t<div class=\"elementor-element elementor-element-c1c35b6 elementor-widget elementor-widget-image\" data-id=\"c1c35b6\" data-element_type=\"widget\" data-widget_type=\"image.default\">\n\t\t\t\t<div class=\"elementor-widget-container\">\n\t\t\t<style>\/*! elementor - v3.18.0 - 20-12-2023 *\/\n.elementor-widget-image{text-align:center}.elementor-widget-image a{display:inline-block}.elementor-widget-image a img[src$=\".svg\"]{width:48px}.elementor-widget-image img{vertical-align:middle;display:inline-block}<\/style>\t\t\t\t\t\t\t\t\t\t\t\t<img decoding=\"async\" width=\"150\" height=\"71\" src=\"https:\/\/dsl.sn\/ingco\/wp-content\/uploads\/2019\/10\/logoingco-8.jpg\" class=\"attachment-full size-full wp-image-10543\" alt=\"\" srcset=\"https:\/\/dsl.sn\/ingco\/wp-content\/uploads\/2019\/10\/logoingco-8.jpg 150w, https:\/\/dsl.sn\/ingco\/wp-content\/uploads\/2019\/10\/logoingco-8-90x43.jpg 90w\" sizes=\"(max-width: 150px) 100vw, 150px\" \/>\t\t\t\t\t\t\t\t\t\t\t\t\t\t\t<\/div>\n\t\t\t\t<\/div>\n\t\t\t\t<div class=\"elementor-element elementor-element-d289a7d elementor-widget elementor-widget-image\" data-id=\"d289a7d\" data-element_type=\"widget\" data-widget_type=\"image.default\">\n\t\t\t\t<div class=\"elementor-widget-container\">\n\t\t\t\t\t\t\t\t\t\t\t\t\t\t\t<img fetchpriority=\"high\" decoding=\"async\" width=\"296\" height=\"170\" src=\"https:\/\/dsl.sn\/ingco\/wp-content\/uploads\/2019\/10\/images-9.jpg\" class=\"attachment-full size-full wp-image-10467\" alt=\"\" srcset=\"https:\/\/dsl.sn\/ingco\/wp-content\/uploads\/2019\/10\/images-9.jpg 296w, https:\/\/dsl.sn\/ingco\/wp-content\/uploads\/2019\/10\/images-9-90x52.jpg 90w\" sizes=\"(max-width: 296px) 100vw, 296px\" \/>\t\t\t\t\t\t\t\t\t\t\t\t\t\t\t<\/div>\n\t\t\t\t<\/div>\n\t\t\t\t<div class=\"elementor-element elementor-element-c2769cd elementor-widget elementor-widget-image\" data-id=\"c2769cd\" data-element_type=\"widget\" data-widget_type=\"image.default\">\n\t\t\t\t<div class=\"elementor-widget-container\">\n\t\t\t\t\t\t\t\t\t\t\t\t\t\t\t<img fetchpriority=\"high\" decoding=\"async\" width=\"296\" height=\"170\" src=\"https:\/\/dsl.sn\/ingco\/wp-content\/uploads\/2019\/10\/images-9.jpg\" class=\"attachment-full size-full wp-image-10467\" alt=\"\" srcset=\"https:\/\/dsl.sn\/ingco\/wp-content\/uploads\/2019\/10\/images-9.jpg 296w, https:\/\/dsl.sn\/ingco\/wp-content\/uploads\/2019\/10\/images-9-90x52.jpg 90w\" sizes=\"(max-width: 296px) 100vw, 296px\" \/>\t\t\t\t\t\t\t\t\t\t\t\t\t\t\t<\/div>\n\t\t\t\t<\/div>\n\t\t\t\t\t<\/div>\n\t\t<\/div>\n\t\t\t\t<div class=\"elementor-column elementor-col-33 elementor-top-column elementor-element elementor-element-8a88cae\" data-id=\"8a88cae\" data-element_type=\"column\">\n\t\t\t<div class=\"elementor-widget-wrap elementor-element-populated\">\n\t\t\t\t\t\t\t\t<div class=\"elementor-element elementor-element-443ae6f elementor-widget elementor-widget-blonwe-custom-title\" data-id=\"443ae6f\" data-element_type=\"widget\" data-widget_type=\"blonwe-custom-title.default\">\n\t\t\t\t<div class=\"elementor-widget-container\">\n\t\t\t<div class=\"klb-text-block text-center\"><h3 class=\"entry-title font-md-42 weight-500 mb-20\"><\/h3><div class=\"entry-description font-14 font-md-18\"><p>Nous fournissons des solutions uniques et de haute qualit\u00e9 pour le Senegal \u00e0 des prix abordables. Les outils d\u2019ingco sont con\u00e7us pour rendre votre charge de travail facile et rapide. Nous avons gagn\u00e9 la confiance de nos clients du monde entier en peu de temps.\nIngco Senegal est l\u2019unique agent de la marque INGCO au SENEGAL. Nous avons des salles d\u2019exposition et des concessionnaires dans tout le pays pour offrir les services \u00e0 nos clients. Nous sommes une entreprise pour la vente de materiel de quincaillerie \u00e0 Dakar et dans la sous regions. Fournisseurs de mat\u00e9riel de Quincaillerie au Senegal, qincaillerie inco, quincaillerie rufisque, quincaillerie dakar plateau, quincaillerie ingco, quincaillerie le grand, total quincaillerie, inco s\u00e9n\u00e9gal, touba quincaillerie g\u00e9n\u00e9rale, expat-dakar, quincaillerie en ligne, Accessoires Pour Outils \u00c9lectriques, \u00c9quipement De Construction, Groupe \u00c9lectrog\u00e8ne, Outillage \u00c0 Main Et \u00c9lectroportatif, Outillage De Main Et Produits De S\u00e9curit\u00e9, Outillage Pneumatique, Outils Electroportatifs, Pompes \u00c0 Eau Et Outils De Jardins ainsi que des Postes \u00c0 Souder.\n\n<\/p><\/div><\/div>\t\t<\/div>\n\t\t\t\t<\/div>\n\t\t\t\t\t<\/div>\n\t\t<\/div>\n\t\t\t\t<div class=\"elementor-column elementor-col-33 elementor-top-column elementor-element elementor-element-eea6e85\" data-id=\"eea6e85\" data-element_type=\"column\">\n\t\t\t<div class=\"elementor-widget-wrap elementor-element-populated\">\n\t\t\t\t\t\t\t\t<div class=\"elementor-element elementor-element-78b15e8 elementor-widget elementor-widget-image\" data-id=\"78b15e8\" data-element_type=\"widget\" data-widget_type=\"image.default\">\n\t\t\t\t<div class=\"elementor-widget-container\">\n\t\t\t\t\t\t\t\t\t\t\t\t\t\t\t<img decoding=\"async\" width=\"150\" height=\"71\" src=\"https:\/\/dsl.sn\/ingco\/wp-content\/uploads\/2019\/10\/logoingco-8.jpg\" class=\"attachment-full size-full wp-image-10543\" alt=\"\" srcset=\"https:\/\/dsl.sn\/ingco\/wp-content\/uploads\/2019\/10\/logoingco-8.jpg 150w, https:\/\/dsl.sn\/ingco\/wp-content\/uploads\/2019\/10\/logoingco-8-90x43.jpg 90w\" sizes=\"(max-width: 150px) 100vw, 150px\" \/>\t\t\t\t\t\t\t\t\t\t\t\t\t\t\t<\/div>\n\t\t\t\t<\/div>\n\t\t\t\t<div class=\"elementor-element elementor-element-4752e96 elementor-widget elementor-widget-image\" data-id=\"4752e96\" data-element_type=\"widget\" data-widget_type=\"image.default\">\n\t\t\t\t<div class=\"elementor-widget-container\">\n\t\t\t\t\t\t\t\t\t\t\t\t\t\t\t<img fetchpriority=\"high\" decoding=\"async\" width=\"296\" height=\"170\" src=\"https:\/\/dsl.sn\/ingco\/wp-content\/uploads\/2019\/10\/images-9.jpg\" class=\"attachment-full size-full wp-image-10467\" alt=\"\" srcset=\"https:\/\/dsl.sn\/ingco\/wp-content\/uploads\/2019\/10\/images-9.jpg 296w, https:\/\/dsl.sn\/ingco\/wp-content\/uploads\/2019\/10\/images-9-90x52.jpg 90w\" sizes=\"(max-width: 296px) 100vw, 296px\" \/>\t\t\t\t\t\t\t\t\t\t\t\t\t\t\t<\/div>\n\t\t\t\t<\/div>\n\t\t\t\t<div class=\"elementor-element elementor-element-5e8faed elementor-widget elementor-widget-image\" data-id=\"5e8faed\" data-element_type=\"widget\" data-widget_type=\"image.default\">\n\t\t\t\t<div class=\"elementor-widget-container\">\n\t\t\t\t\t\t\t\t\t\t\t\t\t\t\t<img fetchpriority=\"high\" decoding=\"async\" width=\"296\" height=\"170\" src=\"https:\/\/dsl.sn\/ingco\/wp-content\/uploads\/2019\/10\/images-9.jpg\" class=\"attachment-full size-full wp-image-10467\" alt=\"\" srcset=\"https:\/\/dsl.sn\/ingco\/wp-content\/uploads\/2019\/10\/images-9.jpg 296w, https:\/\/dsl.sn\/ingco\/wp-content\/uploads\/2019\/10\/images-9-90x52.jpg 90w\" sizes=\"(max-width: 296px) 100vw, 296px\" \/>\t\t\t\t\t\t\t\t\t\t\t\t\t\t\t<\/div>\n\t\t\t\t<\/div>\n\t\t\t\t\t<\/div>\n\t\t<\/div>\n\t\t\t\t\t\t\t<\/div>\n\t\t<\/section>\n\t\t\t\t\t\t\t<\/div>\n\t\t","protected":false},"excerpt":{"rendered":"<p>A PROPOS DE NOUS Nous fournissons des solutions uniques et de haute qualit\u00e9 pour le Senegal \u00e0 des prix abordables. Les outils d\u2019ingco sont con\u00e7us pour rendre votre charge de travail facile et rapide. Nous avons gagn\u00e9 la confiance de nos clients du monde entier en peu de temps. Ingco Senegal est l\u2019unique agent de<\/p>\n<div class=\"klb-readmore button\"><a class=\"btn link\" href=\"https:\/\/dsl.sn\/ingco\/about-us-2\/\">Read More <i class=\"klbth-icon-right-arrow\"><\/i><\/a><\/div>\n","protected":false},"author":6,"featured_media":0,"parent":0,"menu_order":0,"comment_status":"closed","ping_status":"closed","template":"","meta":{"footnotes":""},"yoast_head":"<!-- This site is optimized with the Yoast SEO plugin v21.7 - https:\/\/yoast.com\/wordpress\/plugins\/seo\/ -->\n<title>About Us | INGCO<\/title>\n<meta name=\"robots\" content=\"index, follow, max-snippet:-1, max-image-preview:large, max-video-preview:-1\" \/>\n<link rel=\"canonical\" href=\"https:\/\/dsl.sn\/ingco\/about-us-2\/\" \/>\n<meta property=\"og:locale\" content=\"fr_FR\" \/>\n<meta property=\"og:type\" content=\"article\" \/>\n<meta property=\"og:title\" content=\"About Us | INGCO\" \/>\n<meta property=\"og:description\" content=\"A PROPOS DE NOUS Nous fournissons des solutions uniques et de haute qualit\u00e9 pour le Senegal \u00e0 des prix abordables. Les outils d\u2019ingco sont con\u00e7us pour rendre votre charge de travail facile et rapide. Nous avons gagn\u00e9 la confiance de nos clients du monde entier en peu de temps. Ingco Senegal est l\u2019unique agent deRead More\" \/>\n<meta property=\"og:url\" content=\"https:\/\/dsl.sn\/ingco\/about-us-2\/\" \/>\n<meta property=\"og:site_name\" content=\"INGCO\" \/>\n<meta property=\"article:modified_time\" content=\"2023-12-08T12:50:17+00:00\" \/>\n<meta property=\"og:image\" content=\"https:\/\/klbtheme.com\/blonwe\/wp-content\/uploads\/2023\/10\/about-image-1.jpg\" \/>\n<meta name=\"twitter:card\" content=\"summary_large_image\" \/>\n<meta name=\"twitter:label1\" content=\"Dur\u00e9e de lecture estim\u00e9e\" \/>\n\t<meta name=\"twitter:data1\" content=\"3 minutes\" \/>\n<script type=\"application\/ld+json\" class=\"yoast-schema-graph\">{\"@context\":\"https:\/\/schema.org\",\"@graph\":[{\"@type\":\"WebPage\",\"@id\":\"https:\/\/dsl.sn\/ingco\/about-us-2\/\",\"url\":\"https:\/\/dsl.sn\/ingco\/about-us-2\/\",\"name\":\"About Us | INGCO\",\"isPartOf\":{\"@id\":\"https:\/\/dsl.sn\/ingco\/#website\"},\"datePublished\":\"2023-03-08T10:39:53+00:00\",\"dateModified\":\"2023-12-08T12:50:17+00:00\",\"breadcrumb\":{\"@id\":\"https:\/\/dsl.sn\/ingco\/about-us-2\/#breadcrumb\"},\"inLanguage\":\"fr-FR\",\"potentialAction\":[{\"@type\":\"ReadAction\",\"target\":[\"https:\/\/dsl.sn\/ingco\/about-us-2\/\"]}]},{\"@type\":\"BreadcrumbList\",\"@id\":\"https:\/\/dsl.sn\/ingco\/about-us-2\/#breadcrumb\",\"itemListElement\":[{\"@type\":\"ListItem\",\"position\":1,\"name\":\"Accueil\",\"item\":\"https:\/\/dsl.sn\/ingco\/\"},{\"@type\":\"ListItem\",\"position\":2,\"name\":\"About Us\"}]},{\"@type\":\"WebSite\",\"@id\":\"https:\/\/dsl.sn\/ingco\/#website\",\"url\":\"https:\/\/dsl.sn\/ingco\/\",\"name\":\"INGCO\",\"description\":\"REPRESENTANT D&#039;INGCO AU SENEGAL\",\"potentialAction\":[{\"@type\":\"SearchAction\",\"target\":{\"@type\":\"EntryPoint\",\"urlTemplate\":\"https:\/\/dsl.sn\/ingco\/?s={search_term_string}\"},\"query-input\":\"required name=search_term_string\"}],\"inLanguage\":\"fr-FR\"}]}<\/script>\n<!-- \/ Yoast SEO plugin. -->","yoast_head_json":{"title":"About Us | INGCO","robots":{"index":"index","follow":"follow","max-snippet":"max-snippet:-1","max-image-preview":"max-image-preview:large","max-video-preview":"max-video-preview:-1"},"canonical":"https:\/\/dsl.sn\/ingco\/about-us-2\/","og_locale":"fr_FR","og_type":"article","og_title":"About Us | INGCO","og_description":"A PROPOS DE NOUS Nous fournissons des solutions uniques et de haute qualit\u00e9 pour le Senegal \u00e0 des prix abordables. Les outils d\u2019ingco sont con\u00e7us pour rendre votre charge de travail facile et rapide. Nous avons gagn\u00e9 la confiance de nos clients du monde entier en peu de temps. Ingco Senegal est l\u2019unique agent deRead More","og_url":"https:\/\/dsl.sn\/ingco\/about-us-2\/","og_site_name":"INGCO","article_modified_time":"2023-12-08T12:50:17+00:00","og_image":[{"url":"https:\/\/klbtheme.com\/blonwe\/wp-content\/uploads\/2023\/10\/about-image-1.jpg"}],"twitter_card":"summary_large_image","twitter_misc":{"Dur\u00e9e de lecture estim\u00e9e":"3 minutes"},"schema":{"@context":"https:\/\/schema.org","@graph":[{"@type":"WebPage","@id":"https:\/\/dsl.sn\/ingco\/about-us-2\/","url":"https:\/\/dsl.sn\/ingco\/about-us-2\/","name":"About Us | INGCO","isPartOf":{"@id":"https:\/\/dsl.sn\/ingco\/#website"},"datePublished":"2023-03-08T10:39:53+00:00","dateModified":"2023-12-08T12:50:17+00:00","breadcrumb":{"@id":"https:\/\/dsl.sn\/ingco\/about-us-2\/#breadcrumb"},"inLanguage":"fr-FR","potentialAction":[{"@type":"ReadAction","target":["https:\/\/dsl.sn\/ingco\/about-us-2\/"]}]},{"@type":"BreadcrumbList","@id":"https:\/\/dsl.sn\/ingco\/about-us-2\/#breadcrumb","itemListElement":[{"@type":"ListItem","position":1,"name":"Accueil","item":"https:\/\/dsl.sn\/ingco\/"},{"@type":"ListItem","position":2,"name":"About Us"}]},{"@type":"WebSite","@id":"https:\/\/dsl.sn\/ingco\/#website","url":"https:\/\/dsl.sn\/ingco\/","name":"INGCO","description":"REPRESENTANT D&#039;INGCO AU SENEGAL","potentialAction":[{"@type":"SearchAction","target":{"@type":"EntryPoint","urlTemplate":"https:\/\/dsl.sn\/ingco\/?s={search_term_string}"},"query-input":"required name=search_term_string"}],"inLanguage":"fr-FR"}]}},"_links":{"self":[{"href":"https:\/\/dsl.sn\/ingco\/wp-json\/wp\/v2\/pages\/1735"}],"collection":[{"href":"https:\/\/dsl.sn\/ingco\/wp-json\/wp\/v2\/pages"}],"about":[{"href":"https:\/\/dsl.sn\/ingco\/wp-json\/wp\/v2\/types\/page"}],"author":[{"embeddable":true,"href":"https:\/\/dsl.sn\/ingco\/wp-json\/wp\/v2\/users\/6"}],"replies":[{"embeddable":true,"href":"https:\/\/dsl.sn\/ingco\/wp-json\/wp\/v2\/comments?post=1735"}],"version-history":[{"count":12,"href":"https:\/\/dsl.sn\/ingco\/wp-json\/wp\/v2\/pages\/1735\/revisions"}],"predecessor-version":[{"id":17410,"href":"https:\/\/dsl.sn\/ingco\/wp-json\/wp\/v2\/pages\/1735\/revisions\/17410"}],"wp:attachment":[{"href":"https:\/\/dsl.sn\/ingco\/wp-json\/wp\/v2\/media?parent=1735"}],"curies":[{"name":"wp","href":"https:\/\/api.w.org\/{rel}","templated":true}]}}