{"id":1394,"date":"2023-03-06T07:29:32","date_gmt":"2023-03-06T07:29:32","guid":{"rendered":"http:\/\/localhost\/blonwe\/?page_id=1394"},"modified":"2023-12-08T15:46:07","modified_gmt":"2023-12-08T15:46:07","slug":"home-2","status":"publish","type":"page","link":"https:\/\/dsl.sn\/ingco\/home-2\/","title":{"rendered":"Home 2"},"content":{"rendered":"\t\t<div data-elementor-type=\"wp-page\" data-elementor-id=\"1394\" class=\"elementor elementor-1394\">\n\t\t\t\t\t\t\t\t\t<section class=\"elementor-section elementor-top-section elementor-element elementor-element-764ddaf elementor-section-boxed elementor-section-height-default elementor-section-height-default\" data-id=\"764ddaf\" data-element_type=\"section\">\n\t\t\t\t\t\t<div class=\"elementor-container elementor-column-gap-extended\">\n\t\t\t\t\t<div class=\"elementor-column elementor-col-100 elementor-top-column elementor-element elementor-element-be24b91\" data-id=\"be24b91\" data-element_type=\"column\">\n\t\t\t<div class=\"elementor-widget-wrap elementor-element-populated\">\n\t\t\t\t\t\t\t\t<div class=\"elementor-element elementor-element-ac6f22e elementor-widget elementor-widget-blonwe-custom-title\" data-id=\"ac6f22e\" data-element_type=\"widget\" data-widget_type=\"blonwe-custom-title.default\">\n\t\t\t\t<div class=\"elementor-widget-container\">\n\t\t\t<div class=\"klb-text-block\"><h5 class=\"entry-subtitle font-15 color-gray\"><\/h5><h2 class=\"entry-title\">NOUS SOMMES FIERS D\u2019\u00caTRE UN FOURNISSEUR D\u2019OUTILS AU SENEGAL<\/h2><\/div>\t\t<\/div>\n\t\t\t\t<\/div>\n\t\t\t\t\t<\/div>\n\t\t<\/div>\n\t\t\t\t\t\t\t<\/div>\n\t\t<\/section>\n\t\t<div class=\"elementor-element elementor-element-d994e65 e-flex e-con-boxed e-con e-parent\" data-id=\"d994e65\" data-element_type=\"container\" data-settings=\"{&quot;content_width&quot;:&quot;boxed&quot;}\" data-core-v316-plus=\"true\">\n\t\t\t\t\t<div class=\"e-con-inner\">\n\t\t<div class=\"elementor-element elementor-element-810ebcc e-con-full e-flex e-con e-child\" data-id=\"810ebcc\" data-element_type=\"container\" data-settings=\"{&quot;content_width&quot;:&quot;full&quot;}\">\n\t\t\t\t<div class=\"elementor-element elementor-element-32e18e4 elementor-widget elementor-widget-blonwe-custom-title\" data-id=\"32e18e4\" data-element_type=\"widget\" data-widget_type=\"blonwe-custom-title.default\">\n\t\t\t\t<div class=\"elementor-widget-container\">\n\t\t\t<div class=\"klb-text-block\"><h5 class=\"entry-subtitle font-15 color-gray\"><\/h5><h2 class=\"entry-title\">\nVENTE DE POSTE A SOUDER<\/h2><\/div>\t\t<\/div>\n\t\t\t\t<\/div>\n\t\t\t\t<div class=\"elementor-element elementor-element-5586551 elementor-widget elementor-widget-text-editor\" data-id=\"5586551\" data-element_type=\"widget\" data-widget_type=\"text-editor.default\">\n\t\t\t\t<div class=\"elementor-widget-container\">\n\t\t\t<style>\/*! elementor - v3.18.0 - 20-12-2023 *\/\n.elementor-widget-text-editor.elementor-drop-cap-view-stacked .elementor-drop-cap{background-color:#69727d;color:#fff}.elementor-widget-text-editor.elementor-drop-cap-view-framed .elementor-drop-cap{color:#69727d;border:3px solid;background-color:transparent}.elementor-widget-text-editor:not(.elementor-drop-cap-view-default) .elementor-drop-cap{margin-top:8px}.elementor-widget-text-editor:not(.elementor-drop-cap-view-default) .elementor-drop-cap-letter{width:1em;height:1em}.elementor-widget-text-editor .elementor-drop-cap{float:left;text-align:center;line-height:1;font-size:50px}.elementor-widget-text-editor .elementor-drop-cap-letter{display:inline-block}<\/style>\t\t\t\t<p>Poste Soudure et autres outillages professionnels pas cher en vente dans nos magasins. Livraison rapide partout en S\u00e9n\u00e9gal<\/p>\t\t\t\t\t\t<\/div>\n\t\t\t\t<\/div>\n\t\t\t\t<\/div>\n\t\t<div class=\"elementor-element elementor-element-d325e11 e-con-full e-flex e-con e-child\" data-id=\"d325e11\" data-element_type=\"container\" data-settings=\"{&quot;content_width&quot;:&quot;full&quot;}\">\n\t\t\t\t<div class=\"elementor-element elementor-element-7f583a6 elementor-widget elementor-widget-blonwe-custom-title\" data-id=\"7f583a6\" data-element_type=\"widget\" data-widget_type=\"blonwe-custom-title.default\">\n\t\t\t\t<div class=\"elementor-widget-container\">\n\t\t\t<div class=\"klb-text-block\"><h5 class=\"entry-subtitle font-15 color-gray\"><\/h5><h2 class=\"entry-title\">\nVENTE DE GROUPE ELECTROGENE<\/h2><\/div>\t\t<\/div>\n\t\t\t\t<\/div>\n\t\t\t\t<div class=\"elementor-element elementor-element-362558c elementor-widget elementor-widget-text-editor\" data-id=\"362558c\" data-element_type=\"widget\" data-widget_type=\"text-editor.default\">\n\t\t\t\t<div class=\"elementor-widget-container\">\n\t\t\t\t\t\t\t<p>Nous proposons la vente de G\u00e9n\u00e9rateur diesel silencieux Tension alternative nominale (V): 220-240-380-40 \/Fr\u00e9quence nominale (Hz): 50Puissance nominale CA (Kw)<\/p>\t\t\t\t\t\t<\/div>\n\t\t\t\t<\/div>\n\t\t\t\t<\/div>\n\t\t\t\t\t<\/div>\n\t\t\t\t<\/div>\n\t\t<div class=\"elementor-element elementor-element-accf651 e-flex e-con-boxed e-con e-parent\" data-id=\"accf651\" data-element_type=\"container\" data-settings=\"{&quot;content_width&quot;:&quot;boxed&quot;}\" data-core-v316-plus=\"true\">\n\t\t\t\t\t<div class=\"e-con-inner\">\n\t\t<div class=\"elementor-element elementor-element-618bfd9 e-con-full e-flex e-con e-child\" data-id=\"618bfd9\" data-element_type=\"container\" data-settings=\"{&quot;content_width&quot;:&quot;full&quot;}\">\n\t\t\t\t<div class=\"elementor-element elementor-element-71f8a00 elementor-widget elementor-widget-blonwe-custom-title\" data-id=\"71f8a00\" data-element_type=\"widget\" data-widget_type=\"blonwe-custom-title.default\">\n\t\t\t\t<div class=\"elementor-widget-container\">\n\t\t\t<div class=\"klb-text-block\"><h5 class=\"entry-subtitle font-15 color-gray\"><\/h5><h2 class=\"entry-title\">\nVENTE OUTIL DE JARDIN<\/h2><\/div>\t\t<\/div>\n\t\t\t\t<\/div>\n\t\t\t\t<div class=\"elementor-element elementor-element-4f0c21f elementor-widget elementor-widget-text-editor\" data-id=\"4f0c21f\" data-element_type=\"widget\" data-widget_type=\"text-editor.default\">\n\t\t\t\t<div class=\"elementor-widget-container\">\n\t\t\t\t\t\t\t<p>Large choix de Outils de jardinage Ingco pas cher au S\u00e9n\u00e9gal, Profitez de nombreuses promotions sur Outils de jardinage Ingco, Prix FCFA et avis Outils \u2026<\/p>\t\t\t\t\t\t<\/div>\n\t\t\t\t<\/div>\n\t\t\t\t<\/div>\n\t\t<div class=\"elementor-element elementor-element-6239df5 e-con-full e-flex e-con e-child\" data-id=\"6239df5\" data-element_type=\"container\" data-settings=\"{&quot;content_width&quot;:&quot;full&quot;}\">\n\t\t\t\t<div class=\"elementor-element elementor-element-15cfa44 elementor-widget elementor-widget-blonwe-custom-title\" data-id=\"15cfa44\" data-element_type=\"widget\" data-widget_type=\"blonwe-custom-title.default\">\n\t\t\t\t<div class=\"elementor-widget-container\">\n\t\t\t<div class=\"klb-text-block\"><h5 class=\"entry-subtitle font-15 color-gray\"><\/h5><h2 class=\"entry-title\">\nVENTE OUTILS ELECTROPORTATIFS <\/h2><\/div>\t\t<\/div>\n\t\t\t\t<\/div>\n\t\t\t\t<div class=\"elementor-element elementor-element-a6e087b elementor-widget elementor-widget-text-editor\" data-id=\"a6e087b\" data-element_type=\"widget\" data-widget_type=\"text-editor.default\">\n\t\t\t\t<div class=\"elementor-widget-container\">\n\t\t\t\t\t\t\t<p>Large choix de Outillage \u00e0 Main &amp; \u00c9lectroportatif Ingco pas cher au S\u00e9n\u00e9gal, Profitez de nombreuses promotions sur Outillage \u00e0 Main &amp; \u00c9lectroportatif \u2026<\/p>\t\t\t\t\t\t<\/div>\n\t\t\t\t<\/div>\n\t\t\t\t<\/div>\n\t\t\t\t\t<\/div>\n\t\t\t\t<\/div>\n\t\t<div class=\"elementor-element elementor-element-ebaa20a e-flex e-con-boxed e-con e-parent\" data-id=\"ebaa20a\" data-element_type=\"container\" data-settings=\"{&quot;content_width&quot;:&quot;boxed&quot;}\" data-core-v316-plus=\"true\">\n\t\t\t\t\t<div class=\"e-con-inner\">\n\t\t<div class=\"elementor-element elementor-element-c298968 e-con-full e-flex e-con e-child\" data-id=\"c298968\" data-element_type=\"container\" data-settings=\"{&quot;content_width&quot;:&quot;full&quot;}\">\n\t\t\t\t<div class=\"elementor-element elementor-element-6b5500a elementor-widget elementor-widget-blonwe-custom-title\" data-id=\"6b5500a\" data-element_type=\"widget\" data-widget_type=\"blonwe-custom-title.default\">\n\t\t\t\t<div class=\"elementor-widget-container\">\n\t\t\t<div class=\"klb-text-block\"><h5 class=\"entry-subtitle font-15 color-gray\"><\/h5><h2 class=\"entry-title\">\nVENTE OUTILLAGE A MAIN ET PRODUITS DE SECURITE <\/h2><\/div>\t\t<\/div>\n\t\t\t\t<\/div>\n\t\t\t\t<div class=\"elementor-element elementor-element-4d72c91 elementor-widget elementor-widget-text-editor\" data-id=\"4d72c91\" data-element_type=\"widget\" data-widget_type=\"text-editor.default\">\n\t\t\t\t<div class=\"elementor-widget-container\">\n\t\t\t\t\t\t\t<p>Une bonne gestion op\u00e9rationnelle d\u00e9pend du choix des g\u00e9n\u00e9rateurs, des moteurs et des pi\u00e8ces. Vous savez ce dont vous avez besoin ou vous avez d\u00e9lib\u00e9r\u00e9ment choisi de bons conseils. INGCO SENEGAL vous donne acc\u00e8s aux outils pl\u00e9biscit\u00e9 par les professionnels, au prix le plus juste !<\/p>\t\t\t\t\t\t<\/div>\n\t\t\t\t<\/div>\n\t\t\t\t<\/div>\n\t\t<div class=\"elementor-element elementor-element-093b844 e-con-full e-flex e-con e-child\" data-id=\"093b844\" data-element_type=\"container\" data-settings=\"{&quot;content_width&quot;:&quot;full&quot;}\">\n\t\t\t\t<div class=\"elementor-element elementor-element-f39ef8f elementor-widget elementor-widget-blonwe-custom-title\" data-id=\"f39ef8f\" data-element_type=\"widget\" data-widget_type=\"blonwe-custom-title.default\">\n\t\t\t\t<div class=\"elementor-widget-container\">\n\t\t\t<div class=\"klb-text-block\"><h5 class=\"entry-subtitle font-15 color-gray\"><\/h5><h2 class=\"entry-title\">\nVENTE D\u2019OUTILLAGE PNEUMATIQUE<\/h2><\/div>\t\t<\/div>\n\t\t\t\t<\/div>\n\t\t\t\t<div class=\"elementor-element elementor-element-f9490e2 elementor-widget elementor-widget-text-editor\" data-id=\"f9490e2\" data-element_type=\"widget\" data-widget_type=\"text-editor.default\">\n\t\t\t\t<div class=\"elementor-widget-container\">\n\t\t\t\t\t\t\t<p>EN STOCK : pistolet pneumatique INGCO pas cher. \u2026 d\u2019atelierCompresseur et outil pneumatiquepistolet pneumatiquePistolet Pneumatique INGCO \u2013 ABG031\u2026<\/p>\t\t\t\t\t\t<\/div>\n\t\t\t\t<\/div>\n\t\t\t\t<\/div>\n\t\t\t\t\t<\/div>\n\t\t\t\t<\/div>\n\t\t<div class=\"elementor-element elementor-element-c300075 e-flex e-con-boxed e-con e-parent\" data-id=\"c300075\" data-element_type=\"container\" data-settings=\"{&quot;content_width&quot;:&quot;boxed&quot;}\" data-core-v316-plus=\"true\">\n\t\t\t\t\t<div class=\"e-con-inner\">\n\t\t<div class=\"elementor-element elementor-element-0638cf4 e-con-full e-flex e-con e-child\" data-id=\"0638cf4\" data-element_type=\"container\" data-settings=\"{&quot;content_width&quot;:&quot;full&quot;}\">\n\t\t\t\t<div class=\"elementor-element elementor-element-a39dfd1 elementor-widget elementor-widget-blonwe-custom-title\" data-id=\"a39dfd1\" data-element_type=\"widget\" data-widget_type=\"blonwe-custom-title.default\">\n\t\t\t\t<div class=\"elementor-widget-container\">\n\t\t\t<div class=\"klb-text-block\"><h5 class=\"entry-subtitle font-15 color-gray\"><\/h5><h2 class=\"entry-title\">\nVENTE D\u2019ACCESSOIRES POUR OUTILS ELECTRIQUES<\/h2><\/div>\t\t<\/div>\n\t\t\t\t<\/div>\n\t\t\t\t<div class=\"elementor-element elementor-element-c213b0b elementor-widget elementor-widget-text-editor\" data-id=\"c213b0b\" data-element_type=\"widget\" data-widget_type=\"text-editor.default\">\n\t\t\t\t<div class=\"elementor-widget-container\">\n\t\t\t\t\t\t\t<p>Accessoires pour outils \u00e9lectriques chez Ingco Senegal ! Nous vous accompagnons dans votre projet au meilleur prix . R\u00e9nover et Construire, Ranger et D\u00e9corer, Am\u00e9nager les Ext\u00e9rieurs, R\u00e9parer et Entretenir.<\/p><p>INGCO SENEGAL vous donne acc\u00e8s aux outils pl\u00e9biscit\u00e9 par les professionnels, au prix le plus juste !<\/p>\t\t\t\t\t\t<\/div>\n\t\t\t\t<\/div>\n\t\t\t\t<\/div>\n\t\t<div class=\"elementor-element elementor-element-b93826f e-con-full e-flex e-con e-child\" data-id=\"b93826f\" data-element_type=\"container\" data-settings=\"{&quot;content_width&quot;:&quot;full&quot;}\">\n\t\t\t\t<div class=\"elementor-element elementor-element-8cdeba0 elementor-widget elementor-widget-blonwe-custom-title\" data-id=\"8cdeba0\" data-element_type=\"widget\" data-widget_type=\"blonwe-custom-title.default\">\n\t\t\t\t<div class=\"elementor-widget-container\">\n\t\t\t<div class=\"klb-text-block\"><h5 class=\"entry-subtitle font-15 color-gray\"><\/h5><h2 class=\"entry-title\">\nVENTE D\u2019OUTILLAGE A MAIN ET ELECTROPORTATIF<\/h2><\/div>\t\t<\/div>\n\t\t\t\t<\/div>\n\t\t\t\t<div class=\"elementor-element elementor-element-9c35060 elementor-widget elementor-widget-text-editor\" data-id=\"9c35060\" data-element_type=\"widget\" data-widget_type=\"text-editor.default\">\n\t\t\t\t<div class=\"elementor-widget-container\">\n\t\t\t\t\t\t\t<p>L\u2019\u00e9lectroportatif c\u2019est notre sp\u00e9cialit\u00e9 !<\/p><p>INGCO SENEGAL, c\u2019est le plus grand choix d\u2019outillage \u00e9lectroportatif, quel qu\u2019en soit votre usage, votre qualification ou votre budget et bien d\u2019autres sont toujours au meilleur prix chez INGCO SENEGAL!<\/p><p>INGCO SENEGAL vous donne acc\u00e8s aux outils pl\u00e9biscit\u00e9 par les professionnels, au prix le plus juste !<\/p>\t\t\t\t\t\t<\/div>\n\t\t\t\t<\/div>\n\t\t\t\t<\/div>\n\t\t\t\t\t<\/div>\n\t\t\t\t<\/div>\n\t\t\t\t<section class=\"elementor-section elementor-top-section elementor-element elementor-element-d7bdebb elementor-section-boxed elementor-section-height-default elementor-section-height-default\" data-id=\"d7bdebb\" data-element_type=\"section\">\n\t\t\t\t\t\t<div class=\"elementor-container elementor-column-gap-extended\">\n\t\t\t\t\t<div class=\"elementor-column elementor-col-33 elementor-top-column elementor-element elementor-element-392cf61\" data-id=\"392cf61\" data-element_type=\"column\">\n\t\t\t<div class=\"elementor-widget-wrap\">\n\t\t\t\t\t\t\t\t\t<\/div>\n\t\t<\/div>\n\t\t\t\t<div class=\"elementor-column elementor-col-33 elementor-top-column elementor-element elementor-element-10c0d9f\" data-id=\"10c0d9f\" data-element_type=\"column\">\n\t\t\t<div class=\"elementor-widget-wrap elementor-element-populated\">\n\t\t\t\t\t\t\t\t<div class=\"elementor-element elementor-element-b591bf3 elementor-widget elementor-widget-blonwe-custom-title\" data-id=\"b591bf3\" data-element_type=\"widget\" data-widget_type=\"blonwe-custom-title.default\">\n\t\t\t\t<div class=\"elementor-widget-container\">\n\t\t\t<div class=\"klb-text-block\"><h5 class=\"entry-subtitle font-15 color-gray\"><\/h5><h2 class=\"entry-title\">\nVENTE D\u2019EQUIPEMENT DE CONSTRUCTION<\/h2><\/div>\t\t<\/div>\n\t\t\t\t<\/div>\n\t\t\t\t\t<\/div>\n\t\t<\/div>\n\t\t\t\t<div class=\"elementor-column elementor-col-33 elementor-top-column elementor-element elementor-element-78921b8\" data-id=\"78921b8\" data-element_type=\"column\">\n\t\t\t<div class=\"elementor-widget-wrap elementor-element-populated\">\n\t\t\t\t\t\t\t\t<div class=\"elementor-element elementor-element-2ee4a75 elementor-widget elementor-widget-text-editor\" data-id=\"2ee4a75\" data-element_type=\"widget\" data-widget_type=\"text-editor.default\">\n\t\t\t\t<div class=\"elementor-widget-container\">\n\t\t\t\t\t\t\t<p>Vous cherchez un produit sp\u00e9cifique?<br \/>INGCO SENEGAL vous conseille sur les diff\u00e9rents \u00e9quipements en mati\u00e8re de Construction. Nous disposons d\u2019un large catalogue en mat\u00e9riel de contruction<\/p>\t\t\t\t\t\t<\/div>\n\t\t\t\t<\/div>\n\t\t\t\t\t<\/div>\n\t\t<\/div>\n\t\t\t\t\t\t\t<\/div>\n\t\t<\/section>\n\t\t\t\t\t\t\t<\/div>\n\t\t","protected":false},"excerpt":{"rendered":"<p>NOUS SOMMES FIERS D\u2019\u00caTRE UN FOURNISSEUR D\u2019OUTILS AU SENEGAL VENTE DE POSTE A SOUDER Poste Soudure et autres outillages professionnels pas cher en vente dans nos magasins. Livraison rapide partout en S\u00e9n\u00e9gal VENTE DE GROUPE ELECTROGENE Nous proposons la vente de G\u00e9n\u00e9rateur diesel silencieux Tension alternative nominale (V): 220-240-380-40 \/Fr\u00e9quence nominale (Hz): 50Puissance nominale CA<\/p>\n<div class=\"klb-readmore button\"><a class=\"btn link\" href=\"https:\/\/dsl.sn\/ingco\/home-2\/\">Read More <i class=\"klbth-icon-right-arrow\"><\/i><\/a><\/div>\n","protected":false},"author":6,"featured_media":0,"parent":0,"menu_order":0,"comment_status":"closed","ping_status":"closed","template":"","meta":{"footnotes":""},"yoast_head":"<!-- This site is optimized with the Yoast SEO plugin v21.7 - https:\/\/yoast.com\/wordpress\/plugins\/seo\/ -->\n<title>Home 2 | INGCO<\/title>\n<meta name=\"robots\" content=\"index, follow, max-snippet:-1, max-image-preview:large, max-video-preview:-1\" \/>\n<link rel=\"canonical\" href=\"https:\/\/dsl.sn\/ingco\/home-2\/\" \/>\n<meta property=\"og:locale\" content=\"fr_FR\" \/>\n<meta property=\"og:type\" content=\"article\" \/>\n<meta property=\"og:title\" content=\"Home 2 | INGCO\" \/>\n<meta property=\"og:description\" content=\"NOUS SOMMES FIERS D\u2019\u00caTRE UN FOURNISSEUR D\u2019OUTILS AU SENEGAL VENTE DE POSTE A SOUDER Poste Soudure et autres outillages professionnels pas cher en vente dans nos magasins. Livraison rapide partout en S\u00e9n\u00e9gal VENTE DE GROUPE ELECTROGENE Nous proposons la vente de G\u00e9n\u00e9rateur diesel silencieux Tension alternative nominale (V): 220-240-380-40 \/Fr\u00e9quence nominale (Hz): 50Puissance nominale CARead More\" \/>\n<meta property=\"og:url\" content=\"https:\/\/dsl.sn\/ingco\/home-2\/\" \/>\n<meta property=\"og:site_name\" content=\"INGCO\" \/>\n<meta property=\"article:modified_time\" content=\"2023-12-08T15:46:07+00:00\" \/>\n<meta name=\"twitter:card\" content=\"summary_large_image\" \/>\n<meta name=\"twitter:label1\" content=\"Dur\u00e9e de lecture estim\u00e9e\" \/>\n\t<meta name=\"twitter:data1\" content=\"2 minutes\" \/>\n<script type=\"application\/ld+json\" class=\"yoast-schema-graph\">{\"@context\":\"https:\/\/schema.org\",\"@graph\":[{\"@type\":\"WebPage\",\"@id\":\"https:\/\/dsl.sn\/ingco\/home-2\/\",\"url\":\"https:\/\/dsl.sn\/ingco\/home-2\/\",\"name\":\"Home 2 | INGCO\",\"isPartOf\":{\"@id\":\"https:\/\/dsl.sn\/ingco\/#website\"},\"datePublished\":\"2023-03-06T07:29:32+00:00\",\"dateModified\":\"2023-12-08T15:46:07+00:00\",\"breadcrumb\":{\"@id\":\"https:\/\/dsl.sn\/ingco\/home-2\/#breadcrumb\"},\"inLanguage\":\"fr-FR\",\"potentialAction\":[{\"@type\":\"ReadAction\",\"target\":[\"https:\/\/dsl.sn\/ingco\/home-2\/\"]}]},{\"@type\":\"BreadcrumbList\",\"@id\":\"https:\/\/dsl.sn\/ingco\/home-2\/#breadcrumb\",\"itemListElement\":[{\"@type\":\"ListItem\",\"position\":1,\"name\":\"Accueil\",\"item\":\"https:\/\/dsl.sn\/ingco\/\"},{\"@type\":\"ListItem\",\"position\":2,\"name\":\"Home 2\"}]},{\"@type\":\"WebSite\",\"@id\":\"https:\/\/dsl.sn\/ingco\/#website\",\"url\":\"https:\/\/dsl.sn\/ingco\/\",\"name\":\"INGCO\",\"description\":\"REPRESENTANT D&#039;INGCO AU SENEGAL\",\"potentialAction\":[{\"@type\":\"SearchAction\",\"target\":{\"@type\":\"EntryPoint\",\"urlTemplate\":\"https:\/\/dsl.sn\/ingco\/?s={search_term_string}\"},\"query-input\":\"required name=search_term_string\"}],\"inLanguage\":\"fr-FR\"}]}<\/script>\n<!-- \/ Yoast SEO plugin. -->","yoast_head_json":{"title":"Home 2 | INGCO","robots":{"index":"index","follow":"follow","max-snippet":"max-snippet:-1","max-image-preview":"max-image-preview:large","max-video-preview":"max-video-preview:-1"},"canonical":"https:\/\/dsl.sn\/ingco\/home-2\/","og_locale":"fr_FR","og_type":"article","og_title":"Home 2 | INGCO","og_description":"NOUS SOMMES FIERS D\u2019\u00caTRE UN FOURNISSEUR D\u2019OUTILS AU SENEGAL VENTE DE POSTE A SOUDER Poste Soudure et autres outillages professionnels pas cher en vente dans nos magasins. Livraison rapide partout en S\u00e9n\u00e9gal VENTE DE GROUPE ELECTROGENE Nous proposons la vente de G\u00e9n\u00e9rateur diesel silencieux Tension alternative nominale (V): 220-240-380-40 \/Fr\u00e9quence nominale (Hz): 50Puissance nominale CARead More","og_url":"https:\/\/dsl.sn\/ingco\/home-2\/","og_site_name":"INGCO","article_modified_time":"2023-12-08T15:46:07+00:00","twitter_card":"summary_large_image","twitter_misc":{"Dur\u00e9e de lecture estim\u00e9e":"2 minutes"},"schema":{"@context":"https:\/\/schema.org","@graph":[{"@type":"WebPage","@id":"https:\/\/dsl.sn\/ingco\/home-2\/","url":"https:\/\/dsl.sn\/ingco\/home-2\/","name":"Home 2 | INGCO","isPartOf":{"@id":"https:\/\/dsl.sn\/ingco\/#website"},"datePublished":"2023-03-06T07:29:32+00:00","dateModified":"2023-12-08T15:46:07+00:00","breadcrumb":{"@id":"https:\/\/dsl.sn\/ingco\/home-2\/#breadcrumb"},"inLanguage":"fr-FR","potentialAction":[{"@type":"ReadAction","target":["https:\/\/dsl.sn\/ingco\/home-2\/"]}]},{"@type":"BreadcrumbList","@id":"https:\/\/dsl.sn\/ingco\/home-2\/#breadcrumb","itemListElement":[{"@type":"ListItem","position":1,"name":"Accueil","item":"https:\/\/dsl.sn\/ingco\/"},{"@type":"ListItem","position":2,"name":"Home 2"}]},{"@type":"WebSite","@id":"https:\/\/dsl.sn\/ingco\/#website","url":"https:\/\/dsl.sn\/ingco\/","name":"INGCO","description":"REPRESENTANT D&#039;INGCO AU SENEGAL","potentialAction":[{"@type":"SearchAction","target":{"@type":"EntryPoint","urlTemplate":"https:\/\/dsl.sn\/ingco\/?s={search_term_string}"},"query-input":"required name=search_term_string"}],"inLanguage":"fr-FR"}]}},"_links":{"self":[{"href":"https:\/\/dsl.sn\/ingco\/wp-json\/wp\/v2\/pages\/1394"}],"collection":[{"href":"https:\/\/dsl.sn\/ingco\/wp-json\/wp\/v2\/pages"}],"about":[{"href":"https:\/\/dsl.sn\/ingco\/wp-json\/wp\/v2\/types\/page"}],"author":[{"embeddable":true,"href":"https:\/\/dsl.sn\/ingco\/wp-json\/wp\/v2\/users\/6"}],"replies":[{"embeddable":true,"href":"https:\/\/dsl.sn\/ingco\/wp-json\/wp\/v2\/comments?post=1394"}],"version-history":[{"count":27,"href":"https:\/\/dsl.sn\/ingco\/wp-json\/wp\/v2\/pages\/1394\/revisions"}],"predecessor-version":[{"id":17437,"href":"https:\/\/dsl.sn\/ingco\/wp-json\/wp\/v2\/pages\/1394\/revisions\/17437"}],"wp:attachment":[{"href":"https:\/\/dsl.sn\/ingco\/wp-json\/wp\/v2\/media?parent=1394"}],"curies":[{"name":"wp","href":"https:\/\/api.w.org\/{rel}","templated":true}]}}